{"id":5518,"date":"2025-11-24T19:21:52","date_gmt":"2025-11-24T18:21:52","guid":{"rendered":"https:\/\/www.bocciatatracup.sk\/?page_id=5518"},"modified":"2025-11-24T19:53:18","modified_gmt":"2025-11-24T18:53:18","slug":"tip-na-vylet-medokys-eng","status":"publish","type":"page","link":"https:\/\/www.bocciatatracup.sk\/?page_id=5518&lang=en","title":{"rendered":"Tip na v\u00fdlet &#8211; Medok\u00fd\u0161 &#8211; ENG"},"content":{"rendered":"<p>[et_pb_section fb_built=&#8220;1&#8243; admin_label=&#8220;Hero&#8220; _builder_version=&#8220;4.17.4&#8243; _module_preset=&#8220;default&#8220; background_image=&#8220;https:\/\/www.bocciatatracup.sk\/wp-content\/uploads\/2025\/11\/TIPY-NA-VYLET_SMedokys_banner.jpg&#8220; background_position=&#8220;top_center&#8220; custom_margin=&#8220;||-5px|||&#8220; custom_padding=&#8220;55px|3px|98px||false|false&#8220; bottom_divider_color=&#8220;#ffffff&#8220; bottom_divider_flip=&#8220;horizontal&#8220; animation_style=&#8220;slide&#8220; animation_direction=&#8220;top&#8220; animation_intensity_slide=&#8220;5%&#8220; animation_starting_opacity=&#8220;100%&#8220; locked=&#8220;off&#8220; global_colors_info=&#8220;{}&#8220;][et_pb_row column_structure=&#8220;3_4,1_4&#8243; _builder_version=&#8220;4.17.4&#8243; _module_preset=&#8220;default&#8220; background_size=&#8220;initial&#8220; background_position=&#8220;top_left&#8220; background_repeat=&#8220;repeat&#8220; custom_margin=&#8220;-29px|auto|-4px|auto|false|false&#8220; custom_padding=&#8220;4px|0px|0px|0px|false|false&#8220; global_colors_info=&#8220;{}&#8220;][et_pb_column type=&#8220;3_4&#8243; _builder_version=&#8220;4.16&#8243; _module_preset=&#8220;default&#8220; custom_padding=&#8220;|||&#8220; global_colors_info=&#8220;{}&#8220; custom_padding__hover=&#8220;|||&#8220;][et_pb_text admin_label=&#8220;Title&#8220; _builder_version=&#8220;4.17.4&#8243; _module_preset=&#8220;default&#8220; text_font=&#8220;||||||||&#8220; header_font=&#8220;Montserrat|600|||||||&#8220; header_font_size=&#8220;80px&#8220; header_line_height=&#8220;1.2em&#8220; background_layout=&#8220;dark&#8220; custom_margin=&#8220;27px||2px|||&#8220; custom_padding=&#8220;10px||0px|||&#8220; animation_style=&#8220;fade&#8220; animation_direction=&#8220;left&#8220; header_font_size_tablet=&#8220;&#8220; header_font_size_phone=&#8220;72px&#8220; header_font_size_last_edited=&#8220;on|phone&#8220; inline_fonts=&#8220;Jaldi&#8220; global_colors_info=&#8220;{}&#8220;]<\/p>\n<h1><strong><span style=\"font-family: Jaldi;\">Nature trail<\/span><\/strong><\/h1>\n<p>[\/et_pb_text][et_pb_text _builder_version=&#8220;4.17.4&#8243; _module_preset=&#8220;default&#8220; text_font=&#8220;Montserrat|300|||||||&#8220; text_font_size=&#8220;20px&#8220; text_line_height=&#8220;1.8em&#8220; header_text_align=&#8220;right&#8220; background_layout=&#8220;dark&#8220; custom_margin=&#8220;-14px||3px||false|false&#8220; animation_style=&#8220;fade&#8220; animation_direction=&#8220;left&#8220; animation_delay=&#8220;100ms&#8220; inline_fonts=&#8220;Jaldi&#8220; global_colors_info=&#8220;{}&#8220;]<\/p>\n<p><span style=\"font-family: Jaldi; font-weight: normal; font-size: x-large;\">to the Medok\u00fd\u0161 mineral spring&#8230;<\/span><\/p>\n<p>[\/et_pb_text][\/et_pb_column][et_pb_column type=&#8220;1_4&#8243; _builder_version=&#8220;4.16&#8243; _module_preset=&#8220;default&#8220; custom_padding=&#8220;|||&#8220; global_colors_info=&#8220;{}&#8220; custom_padding__hover=&#8220;|||&#8220;][\/et_pb_column][\/et_pb_row][\/et_pb_section][et_pb_section fb_built=&#8220;1&#8243; admin_label=&#8220;Sponsors&#8220; _builder_version=&#8220;4.17.4&#8243; _module_preset=&#8220;default&#8220; custom_margin=&#8220;7px||-5px|||&#8220; custom_padding=&#8220;27px|1px|31px|0px||&#8220; animation_style=&#8220;fade&#8220; global_colors_info=&#8220;{}&#8220; locked=&#8220;off&#8220;][et_pb_row _builder_version=&#8220;4.17.4&#8243; _module_preset=&#8220;default&#8220; width=&#8220;70%&#8220; custom_padding=&#8220;10px||3px|||&#8220; animation_style=&#8220;fade&#8220; global_colors_info=&#8220;{}&#8220;][et_pb_column type=&#8220;4_4&#8243; _builder_version=&#8220;4.17.4&#8243; _module_preset=&#8220;default&#8220; global_colors_info=&#8220;{}&#8220;][et_pb_text _builder_version=&#8220;4.17.4&#8243; _module_preset=&#8220;default&#8220; hover_enabled=&#8220;0&#8243; global_colors_info=&#8220;{}&#8220; sticky_enabled=&#8220;0&#8243;]<\/p>\n<div class=\"et_pb_module et_pb_text et_pb_text_15 et_pb_text_align_left et_pb_bg_layout_dark et_had_animation\">\n<div class=\"et_pb_text_inner\">\n<h3 lang=\"en-GB\" align=\"JUSTIFY\"><span style=\"color: #666666; font-size: medium; text-align: left;\">The village of Liptovsk\u00fd J\u00e1n is blessed with not only beautiful nature, but also its spring area rich in thermal and mineral springs. The cold springs have been called &#8222;medoky\u0161&#8220; by locals since ancient times.<\/span><\/h3>\n<h3 lang=\"en-GB\" align=\"JUSTIFY\"><span style=\"color: #666666; font-size: medium;\">The nature trail leads to the sought-after &#8222;Medok\u00fd\u0161&#8220; spring \u2013 to the spring with refreshing mineral water with a high iron content, located near the border with the village of Podture\u0148. This trail starts on the outskirts of the village, at the &#8222;Ka\u010fa&#8220; thermal spring, just 2.3 km from the Alexandra Wellness Hotel. It leads along the foot of &#8222;Kameni\u010dn\u00e1&#8220; hill to the &#8222;Medok\u00fd\u0161&#8220; mineral spring and continues along the V\u00e1h river to Liptovsk\u00e1 Por\u00fabka village. It is 5.5 km long with an elevation gain of 250 m and 6 stops equipped with information panels. The panels provide information about local biodiversity, the history of the surrounding villages, the origin of the &#8222;Medok\u00fd\u0161&#8220; mineral spring, the care of the surrounding forests, and about the history of wood-rafting in the Liptov region. The route is two-way, easy, suitable for both pedestrians and cyclists. You can walk it in one direction in approximately 2 hours.<\/span><\/h3>\n<h3 lang=\"en-GB\" align=\"JUSTIFY\"><span style=\"color: #666666; font-size: medium;\">The surface of this nature trail is sometimes concrete, sometimes covered with small stones, and sometimes resembles a forest path. For this reason, but also because of the steeper elevations in several places, this trail is only partially accessible for people in wheelchairs. For walkers with limited mobility who can walk this distance or at least part of it, this track is manageable. Even a short walk through this beautiful region is definitely worth taking the time to do. You will have something to admire on it.<\/span><\/h3>\n<h3 lang=\"en-GB\" align=\"JUSTIFY\"><span style=\"color: #666666; font-size: medium;\">Given the mobility level of our \u201ctest team\u201d, we decided to personally explore only the exit from the \u201cKa\u010fa\u201d thermal spring area and its immediate surroundings. The nature trail begins right behind this area, after crossing the footbridge over the \u201c\u0160tiavnica\u201d stream. It runs for several dozen meters along the stream, where its surface is reinforced with concrete and every wheelchair can pass through it without any problems. However, these ideal conditions for the immobile end as soon as the trail leaves the stream bank and enters the forest. It then rises slightly and its surface consists of small stones. Here our electric wheelchairs gave up and turned back. Only the small group of walkers continued through the forest \u2013 3 people with limited mobility <em>(those walk with, but also those walk without assistive devices)<\/em> and 2 assistants without mobility restrictions. We also had a mechanical wheelchair with us in case of need. We pushed it empty through the problematic terrain, but it was useful to us in places. We followed the nature trail until the first fork in the road. Here we turned right and along the narrow forest path, which are leading at the foothills above the \u201c\u0160tiavnica\u201d stream to the local cemetery and to the location under the Sv\u00e4toj\u00e1nska Lookout Tower, we set off back towards the \u201cKa\u010fa\u201d thermal spring. Below the lookout tower, just a few meters above the destination of our walk, we discovered the small outdoor sports field in the middle of nature and the information board with the \u201cAudio Pexeso\u201d memory game caled \u201cVoices of the Forest\u201d. From there, we took the trail down the slope <em>(&#8222;on our own feet&#8220; and with the empty wheelchair)<\/em> without much difficulty to the \u201c\u0160tiavnica\u201d stream, back to the \u201cKa\u010fa\u201d thermal spring area &#8211; to the same place where we had started our just over half a kilometer long &#8222;test&#8220; circuit less than an hour earlier.<\/span><\/h3>\n<p><span style=\"color: #666666; font-size: medium;\"><\/span><\/p>\n<p><span style=\"color: #666666; font-size: medium;\"><strong>Distance from the hotel <em>(beginning of this Nature trail)<\/em>:\u00a0<\/strong> 2,3 km <em>(4 min. by car to the village of Liptovsk\u00fd J\u00e1n, direction Podture\u0148 \/ on foot 2 approx. 30 min &#8211; route ideal for electric wheelchairs and wheelchairs with additional electric drive)<\/em><br \/><strong>Length of the entire trail<em> (in one direction)<\/em>:\u00a0<\/strong> 5,5 km<br \/><strong>Height difference:<\/strong>\u00a0 250 m on the 5,5 km route<br \/><strong>Trail surface:<\/strong>\u00a0 sections reinforced with concrete, sprinkled with small stones or with the surface of a forest hiking trail<br \/><\/span><\/p>\n<p><span style=\"color: #666666; font-size: medium;\"><strong><br \/>Accessibility for people with limited mobility:<\/strong><\/span><\/p>\n<p><span style=\"color: #666666; font-size: medium;\">\u2022\u00a0 <strong>partially wheelchair accessible<\/strong> <em>(1st stage from the village of Liptovsk\u00fd J\u00e1n, otherwise at your own discretion)<\/em>,<br \/>\u2022 <strong>who walk with, but also who walk without assistive devices<\/strong> <em>(rutches, walker, etc.)<\/em> according to your own abilities and fitness, <strong>we recommend accompaniment<\/strong> of a healthy assistant, if necessary, a mechanical wheelchair can also be used on some sections<\/span><\/p>\n<h3 lang=\"en-GB\" align=\"JUSTIFY\" style=\"text-align: right;\"><\/h3>\n<\/div>\n<\/div>\n<p>[\/et_pb_text][\/et_pb_column][\/et_pb_row][et_pb_row use_custom_gutter=&#8220;on&#8220; gutter_width=&#8220;1&#8243; _builder_version=&#8220;4.17.4&#8243; _module_preset=&#8220;default&#8220; width=&#8220;auto&#8220; max_width=&#8220;2560px&#8220; module_alignment=&#8220;center&#8220; custom_padding=&#8220;18px|||||&#8220; locked=&#8220;off&#8220; global_colors_info=&#8220;{}&#8220;][et_pb_column type=&#8220;4_4&#8243; _builder_version=&#8220;4.17.4&#8243; _module_preset=&#8220;default&#8220; global_colors_info=&#8220;{}&#8220;][et_pb_text _builder_version=&#8220;4.17.4&#8243; _module_preset=&#8220;default&#8220; text_font=&#8220;Jaldi|||on|||||&#8220; text_text_color=&#8220;rgba(0,0,0,0.25)&#8220; text_font_size=&#8220;19px&#8220; header_font=&#8220;Jaldi|||on|||||&#8220; header_text_color=&#8220;rgba(0,0,0,0.25)&#8220; header_font_size=&#8220;19px&#8220; min_height=&#8220;29.8px&#8220; custom_margin=&#8220;||20px||false|false&#8220; custom_padding=&#8220;||1px||false|false&#8220; hover_enabled=&#8220;0&#8243; global_colors_info=&#8220;{}&#8220; sticky_enabled=&#8220;0&#8243;]<\/p>\n<p style=\"text-align: center;\">gallery<\/p>\n<p>[\/et_pb_text][et_pb_text _builder_version=&#8220;4.17.4&#8243; _module_preset=&#8220;default&#8220; custom_margin=&#8220;-24px||17px|||&#8220; hover_enabled=&#8220;0&#8243; inline_fonts=&#8220;Jaldi&#8220; global_colors_info=&#8220;{}&#8220; sticky_enabled=&#8220;0&#8243;]<\/p>\n<p style=\"text-align: center;\"><span style=\"color: rgba(0, 0, 0, 0.25);\"><em><span style=\"font-family: Jaldi; font-weight: normal; font-size: large;\">(click on photo to enlarge)<\/span><\/em><\/span><\/p>\n<p>[\/et_pb_text][et_pb_text _builder_version=&#8220;4.17.4&#8243; _module_preset=&#8220;default&#8220; custom_margin=&#8220;-9px|||||&#8220; hover_enabled=&#8220;0&#8243; global_colors_info=&#8220;{}&#8220; sticky_enabled=&#8220;0&#8243;]<\/p>\n<p style=\"text-align: center;\"><span style=\"font-family: Jaldi; font-weight: normal; font-size: x-large;\">Liptovsk\u00fd J\u00e1n &#8211; Nature trail to the Medok\u00fd\u0161 mineral spring&#8230;<\/span><\/p>\n<p>[\/et_pb_text][et_pb_gallery gallery_ids=&#8220;5258,5271,5269,5267,5254,5255,5256,5257,5259,5260,5261,5262,5263,5264,5265,5266,5268,5270&#8243; show_title_and_caption=&#8220;off&#8220; _builder_version=&#8220;4.17.4&#8243; _module_preset=&#8220;default&#8220; pagination_font=&#8220;Jaldi||||||||&#8220; pagination_text_align=&#8220;center&#8220; pagination_font_size=&#8220;18px&#8220; custom_margin=&#8220;18px||-36px|||&#8220; locked=&#8220;off&#8220; global_colors_info=&#8220;{}&#8220;][\/et_pb_gallery][\/et_pb_column][\/et_pb_row][\/et_pb_section]<\/p>\n","protected":false},"excerpt":{"rendered":"<p>Nature trailto the Medok\u00fd\u0161 mineral spring&#8230; The village of Liptovsk\u00fd J\u00e1n is blessed with not only beautiful nature, but also its spring area rich in thermal and mineral springs. The cold springs have been called &#8222;medoky\u0161&#8220; by locals since ancient times. The nature trail leads to the sought-after &#8222;Medok\u00fd\u0161&#8220; spring \u2013 to the spring with [&hellip;]<\/p>\n","protected":false},"author":1,"featured_media":0,"parent":0,"menu_order":0,"comment_status":"closed","ping_status":"closed","template":"","meta":{"_et_pb_use_builder":"on","_et_pb_old_content":"","_et_gb_content_width":"","_mi_skip_tracking":false},"yoast_head":"<!-- This site is optimized with the Yoast SEO plugin v20.2.1 - https:\/\/yoast.com\/wordpress\/plugins\/seo\/ -->\n<title>Tip na v\u00fdlet - Medok\u00fd\u0161 - ENG - Boccia Tatra Cup<\/title>\n<meta name=\"robots\" content=\"index, follow, max-snippet:-1, max-image-preview:large, max-video-preview:-1\" \/>\n<link rel=\"canonical\" href=\"https:\/\/www.bocciatatracup.sk\/?page_id=5518&lang=en\" \/>\n<meta property=\"og:locale\" content=\"sk_SK\" \/>\n<meta property=\"og:type\" content=\"article\" \/>\n<meta property=\"og:title\" content=\"Tip na v\u00fdlet - Medok\u00fd\u0161 - ENG - Boccia Tatra Cup\" \/>\n<meta property=\"og:description\" content=\"Nature trailto the Medok\u00fd\u0161 mineral spring... The village of Liptovsk\u00fd J\u00e1n is blessed with not only beautiful nature, but also its spring area rich in thermal and mineral springs. The cold springs have been called &quot;medoky\u0161&quot; by locals since ancient times. The nature trail leads to the sought-after &quot;Medok\u00fd\u0161&quot; spring \u2013 to the spring with [&hellip;]\" \/>\n<meta property=\"og:url\" content=\"https:\/\/www.bocciatatracup.sk\/?page_id=5518&amp;lang=en\" \/>\n<meta property=\"og:site_name\" content=\"Boccia Tatra Cup\" \/>\n<meta property=\"article:modified_time\" content=\"2025-11-24T18:53:18+00:00\" \/>\n<meta name=\"twitter:card\" content=\"summary_large_image\" \/>\n<script type=\"application\/ld+json\" class=\"yoast-schema-graph\">{\"@context\":\"https:\/\/schema.org\",\"@graph\":[{\"@type\":\"WebPage\",\"@id\":\"https:\/\/www.bocciatatracup.sk\/?page_id=5518&lang=en\",\"url\":\"https:\/\/www.bocciatatracup.sk\/?page_id=5518&lang=en\",\"name\":\"Tip na v\u00fdlet - Medok\u00fd\u0161 - ENG - Boccia Tatra Cup\",\"isPartOf\":{\"@id\":\"https:\/\/www.bocciatatracup.sk\/#website\"},\"datePublished\":\"2025-11-24T18:21:52+00:00\",\"dateModified\":\"2025-11-24T18:53:18+00:00\",\"breadcrumb\":{\"@id\":\"https:\/\/www.bocciatatracup.sk\/?page_id=5518&lang=en#breadcrumb\"},\"inLanguage\":\"sk-SK\",\"potentialAction\":[{\"@type\":\"ReadAction\",\"target\":[\"https:\/\/www.bocciatatracup.sk\/?page_id=5518&lang=en\"]}]},{\"@type\":\"BreadcrumbList\",\"@id\":\"https:\/\/www.bocciatatracup.sk\/?page_id=5518&lang=en#breadcrumb\",\"itemListElement\":[{\"@type\":\"ListItem\",\"position\":1,\"name\":\"Home\",\"item\":\"https:\/\/www.bocciatatracup.sk\/\"},{\"@type\":\"ListItem\",\"position\":2,\"name\":\"Tip na v\u00fdlet &#8211; Medok\u00fd\u0161 &#8211; ENG\"}]},{\"@type\":\"WebSite\",\"@id\":\"https:\/\/www.bocciatatracup.sk\/#website\",\"url\":\"https:\/\/www.bocciatatracup.sk\/\",\"name\":\"Boccia Tatra Cup\",\"description\":\"\",\"potentialAction\":[{\"@type\":\"SearchAction\",\"target\":{\"@type\":\"EntryPoint\",\"urlTemplate\":\"https:\/\/www.bocciatatracup.sk\/?s={search_term_string}\"},\"query-input\":\"required name=search_term_string\"}],\"inLanguage\":\"sk-SK\"}]}<\/script>\n<!-- \/ Yoast SEO plugin. -->","yoast_head_json":{"title":"Tip na v\u00fdlet - Medok\u00fd\u0161 - ENG - Boccia Tatra Cup","robots":{"index":"index","follow":"follow","max-snippet":"max-snippet:-1","max-image-preview":"max-image-preview:large","max-video-preview":"max-video-preview:-1"},"canonical":"https:\/\/www.bocciatatracup.sk\/?page_id=5518&lang=en","og_locale":"sk_SK","og_type":"article","og_title":"Tip na v\u00fdlet - Medok\u00fd\u0161 - ENG - Boccia Tatra Cup","og_description":"Nature trailto the Medok\u00fd\u0161 mineral spring... The village of Liptovsk\u00fd J\u00e1n is blessed with not only beautiful nature, but also its spring area rich in thermal and mineral springs. The cold springs have been called \"medoky\u0161\" by locals since ancient times. The nature trail leads to the sought-after \"Medok\u00fd\u0161\" spring \u2013 to the spring with [&hellip;]","og_url":"https:\/\/www.bocciatatracup.sk\/?page_id=5518&lang=en","og_site_name":"Boccia Tatra Cup","article_modified_time":"2025-11-24T18:53:18+00:00","twitter_card":"summary_large_image","schema":{"@context":"https:\/\/schema.org","@graph":[{"@type":"WebPage","@id":"https:\/\/www.bocciatatracup.sk\/?page_id=5518&lang=en","url":"https:\/\/www.bocciatatracup.sk\/?page_id=5518&lang=en","name":"Tip na v\u00fdlet - Medok\u00fd\u0161 - ENG - Boccia Tatra Cup","isPartOf":{"@id":"https:\/\/www.bocciatatracup.sk\/#website"},"datePublished":"2025-11-24T18:21:52+00:00","dateModified":"2025-11-24T18:53:18+00:00","breadcrumb":{"@id":"https:\/\/www.bocciatatracup.sk\/?page_id=5518&lang=en#breadcrumb"},"inLanguage":"sk-SK","potentialAction":[{"@type":"ReadAction","target":["https:\/\/www.bocciatatracup.sk\/?page_id=5518&lang=en"]}]},{"@type":"BreadcrumbList","@id":"https:\/\/www.bocciatatracup.sk\/?page_id=5518&lang=en#breadcrumb","itemListElement":[{"@type":"ListItem","position":1,"name":"Home","item":"https:\/\/www.bocciatatracup.sk\/"},{"@type":"ListItem","position":2,"name":"Tip na v\u00fdlet &#8211; Medok\u00fd\u0161 &#8211; ENG"}]},{"@type":"WebSite","@id":"https:\/\/www.bocciatatracup.sk\/#website","url":"https:\/\/www.bocciatatracup.sk\/","name":"Boccia Tatra Cup","description":"","potentialAction":[{"@type":"SearchAction","target":{"@type":"EntryPoint","urlTemplate":"https:\/\/www.bocciatatracup.sk\/?s={search_term_string}"},"query-input":"required name=search_term_string"}],"inLanguage":"sk-SK"}]}},"_links":{"self":[{"href":"https:\/\/www.bocciatatracup.sk\/index.php?rest_route=\/wp\/v2\/pages\/5518"}],"collection":[{"href":"https:\/\/www.bocciatatracup.sk\/index.php?rest_route=\/wp\/v2\/pages"}],"about":[{"href":"https:\/\/www.bocciatatracup.sk\/index.php?rest_route=\/wp\/v2\/types\/page"}],"author":[{"embeddable":true,"href":"https:\/\/www.bocciatatracup.sk\/index.php?rest_route=\/wp\/v2\/users\/1"}],"replies":[{"embeddable":true,"href":"https:\/\/www.bocciatatracup.sk\/index.php?rest_route=%2Fwp%2Fv2%2Fcomments&post=5518"}],"version-history":[{"count":5,"href":"https:\/\/www.bocciatatracup.sk\/index.php?rest_route=\/wp\/v2\/pages\/5518\/revisions"}],"predecessor-version":[{"id":5539,"href":"https:\/\/www.bocciatatracup.sk\/index.php?rest_route=\/wp\/v2\/pages\/5518\/revisions\/5539"}],"wp:attachment":[{"href":"https:\/\/www.bocciatatracup.sk\/index.php?rest_route=%2Fwp%2Fv2%2Fmedia&parent=5518"}],"curies":[{"name":"wp","href":"https:\/\/api.w.org\/{rel}","templated":true}]}}