{"id":5327,"date":"2025-11-17T16:37:00","date_gmt":"2025-11-17T15:37:00","guid":{"rendered":"https:\/\/www.bocciatatracup.sk\/?page_id=5327"},"modified":"2025-11-24T19:27:32","modified_gmt":"2025-11-24T18:27:32","slug":"tip-na-vylet-janska-dolina-eng1","status":"publish","type":"page","link":"https:\/\/www.bocciatatracup.sk\/?page_id=5327&lang=en","title":{"rendered":"Tip na v\u00fdlet &#8211; J\u00e1nska dolina_ENG"},"content":{"rendered":"<p>[et_pb_section fb_built=&#8220;1&#8243; admin_label=&#8220;Hero&#8220; _builder_version=&#8220;4.17.4&#8243; _module_preset=&#8220;default&#8220; background_image=&#8220;https:\/\/www.bocciatatracup.sk\/wp-content\/uploads\/2025\/11\/TIPY-NA-VYLET_Janska-dolina_banner1.jpg&#8220; background_position=&#8220;top_center&#8220; custom_margin=&#8220;||-5px|||&#8220; custom_padding=&#8220;55px|3px|98px||false|false&#8220; bottom_divider_color=&#8220;#ffffff&#8220; bottom_divider_flip=&#8220;horizontal&#8220; animation_style=&#8220;slide&#8220; animation_direction=&#8220;top&#8220; animation_intensity_slide=&#8220;5%&#8220; animation_starting_opacity=&#8220;100%&#8220; locked=&#8220;off&#8220; global_colors_info=&#8220;{}&#8220;][et_pb_row column_structure=&#8220;3_4,1_4&#8243; _builder_version=&#8220;4.17.4&#8243; _module_preset=&#8220;default&#8220; background_size=&#8220;initial&#8220; background_position=&#8220;top_left&#8220; background_repeat=&#8220;repeat&#8220; custom_margin=&#8220;-29px|auto|-4px|auto|false|false&#8220; custom_padding=&#8220;4px|0px|0px|0px|false|false&#8220; global_colors_info=&#8220;{}&#8220;][et_pb_column type=&#8220;3_4&#8243; _builder_version=&#8220;4.16&#8243; _module_preset=&#8220;default&#8220; custom_padding=&#8220;|||&#8220; global_colors_info=&#8220;{}&#8220; custom_padding__hover=&#8220;|||&#8220;][et_pb_text admin_label=&#8220;Title&#8220; _builder_version=&#8220;4.17.4&#8243; _module_preset=&#8220;default&#8220; text_font=&#8220;||||||||&#8220; header_font=&#8220;Montserrat|600|||||||&#8220; header_font_size=&#8220;80px&#8220; header_line_height=&#8220;1.2em&#8220; background_layout=&#8220;dark&#8220; custom_margin=&#8220;27px||2px|||&#8220; custom_padding=&#8220;10px||0px|||&#8220; animation_style=&#8220;fade&#8220; animation_direction=&#8220;left&#8220; header_font_size_tablet=&#8220;&#8220; header_font_size_phone=&#8220;72px&#8220; header_font_size_last_edited=&#8220;on|phone&#8220; inline_fonts=&#8220;Jaldi&#8220; global_colors_info=&#8220;{}&#8220;]<\/p>\n<h1><strong><span style=\"font-family: Jaldi;\">J\u00e1nska Valley<\/span><\/strong><\/h1>\n<p>[\/et_pb_text][et_pb_text _builder_version=&#8220;4.17.4&#8243; _module_preset=&#8220;default&#8220; text_font=&#8220;Montserrat|300|||||||&#8220; text_font_size=&#8220;20px&#8220; text_line_height=&#8220;1.8em&#8220; header_text_align=&#8220;right&#8220; background_layout=&#8220;dark&#8220; custom_margin=&#8220;-14px||3px||false|false&#8220; animation_style=&#8220;fade&#8220; animation_direction=&#8220;left&#8220; animation_delay=&#8220;100ms&#8220; inline_fonts=&#8220;Jaldi&#8220; global_colors_info=&#8220;{}&#8220;]<\/p>\n<p><span style=\"font-family: Jaldi; font-weight: normal; font-size: x-large;\">Walk to the Stani\u0161ovsk\u00e1 Cave&#8230;<\/span><\/p>\n<p>[\/et_pb_text][\/et_pb_column][et_pb_column type=&#8220;1_4&#8243; _builder_version=&#8220;4.16&#8243; _module_preset=&#8220;default&#8220; custom_padding=&#8220;|||&#8220; global_colors_info=&#8220;{}&#8220; custom_padding__hover=&#8220;|||&#8220;][\/et_pb_column][\/et_pb_row][\/et_pb_section][et_pb_section fb_built=&#8220;1&#8243; admin_label=&#8220;Sponsors&#8220; _builder_version=&#8220;4.17.4&#8243; _module_preset=&#8220;default&#8220; custom_margin=&#8220;7px||-5px|||&#8220; custom_padding=&#8220;27px|1px|31px|0px||&#8220; animation_style=&#8220;fade&#8220; locked=&#8220;off&#8220; global_colors_info=&#8220;{}&#8220;][et_pb_row _builder_version=&#8220;4.17.4&#8243; _module_preset=&#8220;default&#8220; width=&#8220;70%&#8220; custom_padding=&#8220;10px||3px|||&#8220; animation_style=&#8220;fade&#8220; global_colors_info=&#8220;{}&#8220;][et_pb_column type=&#8220;4_4&#8243; _builder_version=&#8220;4.17.4&#8243; _module_preset=&#8220;default&#8220; global_colors_info=&#8220;{}&#8220;][et_pb_text _builder_version=&#8220;4.17.4&#8243; _module_preset=&#8220;default&#8220; hover_enabled=&#8220;0&#8243; global_colors_info=&#8220;{}&#8220; sticky_enabled=&#8220;0&#8243;]<\/p>\n<div class=\"et_pb_module et_pb_text et_pb_text_15 et_pb_text_align_left et_pb_bg_layout_dark et_had_animation\">\n<div class=\"et_pb_text_inner\">\n<h3 lang=\"en-GB\" align=\"JUSTIFY\"><span style=\"color: #666666; font-size: medium; text-align: left;\">The J\u00e1nska Valley <em>(J\u00e1nska dolina)<\/em>, where the Alexandra Wellness Hotel*** \u2013 the venue of the Boccia Tatra Cup event \u2013 is located, \u200b\u200bis one of the oldest nature reserves in Slovakia. It starts in the village of Liptovsk\u00fd J\u00e1n, is more than 15 km long and is the longest valley in the Low Tatras. It is rich in rare karst and natural formations, mineral and thermal springs, popular hiking trails run through it and has many dives and caves.<\/span><\/h3>\n<h3 lang=\"en-GB\" align=\"JUSTIFY\"><span style=\"color: #666666; font-size: medium;\">Enjoy the beautiful nature and natural scenery of the J\u00e1nska Valley on the easy walk from the hotel, along the asphalt road through the forest along the \u0160tiavnica stream, to the Stani\u0161ovsk\u00e1 Cave &#8211; the most famous of the J\u00e1nska Valley caves and the only year-round accessible cave in the Liptov region. In addition to tickets, small souvenirs can also be purchased at the ticket office at the entrance to the cave.<\/span><\/h3>\n<p><span style=\"color: #666666; font-size: medium;\"><strong><br \/>Route length<em> (there and back)<\/em>:<\/strong>\u00a0 4 km<br \/><strong>Terrain:\u00a0<\/strong> the route leads from the Alexandra Wellness Hotel area along the asphalt road through the forest to the parking lot below the Stani\u0161ovsk\u00e1 Cave, from the parking lot to the cave ticket office <em>(approx. 100 &#8211; 150 m up a slight hill)<\/em> the dirt, gravel-filled road continues<br \/><strong>Height difference:<\/strong>\u00a0 56 m on the 2 km route <em>(slight climb on the way there)<\/em><br \/><\/span><\/p>\n<p><span style=\"color: #666666; font-size: medium;\"><strong><br \/>Accessibility for people with limited mobility:<\/strong><\/span><\/p>\n<p><span style=\"color: #666666; font-size: medium;\">\u2022\u00a0 <strong>wheelchair accessible<\/strong> <em>(we recommend using an electric wheelchair, a drive, or a personal assistant),<\/em><br \/>\u2022\u00a0 <strong>who walk with assistive devices <\/strong><em>(crutches, walker, etc.), <\/em><strong>we recommend considering<\/strong> using a wheelchair or scooter for the immobile<\/span><\/p>\n<h3 lang=\"en-GB\" align=\"JUSTIFY\" style=\"text-align: right;\"><\/h3>\n<\/div>\n<\/div>\n<p>[\/et_pb_text][\/et_pb_column][\/et_pb_row][et_pb_row use_custom_gutter=&#8220;on&#8220; gutter_width=&#8220;1&#8243; _builder_version=&#8220;4.17.4&#8243; _module_preset=&#8220;default&#8220; width=&#8220;auto&#8220; max_width=&#8220;2560px&#8220; module_alignment=&#8220;center&#8220; custom_padding=&#8220;18px|||||&#8220; locked=&#8220;off&#8220; global_colors_info=&#8220;{}&#8220;][et_pb_column type=&#8220;4_4&#8243; _builder_version=&#8220;4.17.4&#8243; _module_preset=&#8220;default&#8220; global_colors_info=&#8220;{}&#8220;][et_pb_text _builder_version=&#8220;4.17.4&#8243; _module_preset=&#8220;default&#8220; text_font=&#8220;Jaldi|||on|||||&#8220; text_text_color=&#8220;rgba(0,0,0,0.25)&#8220; text_font_size=&#8220;19px&#8220; header_font=&#8220;Jaldi|||on|||||&#8220; header_text_color=&#8220;rgba(0,0,0,0.25)&#8220; header_font_size=&#8220;19px&#8220; min_height=&#8220;6.8px&#8220; custom_margin=&#8220;||26px|||&#8220; custom_padding=&#8220;4px||2px|||&#8220; global_colors_info=&#8220;{}&#8220;]<\/p>\n<p style=\"text-align: center;\">gallery<\/p>\n<p>[\/et_pb_text][et_pb_text _builder_version=&#8220;4.17.4&#8243; _module_preset=&#8220;default&#8220; custom_margin=&#8220;-24px||17px|||&#8220; inline_fonts=&#8220;Jaldi&#8220; global_colors_info=&#8220;{}&#8220;]<\/p>\n<p style=\"text-align: center;\"><em>(click on photo to enlarge)<\/em><\/p>\n<p>[\/et_pb_text][et_pb_text _builder_version=&#8220;4.17.4&#8243; _module_preset=&#8220;default&#8220; custom_margin=&#8220;-9px|||||&#8220; global_colors_info=&#8220;{}&#8220;]<\/p>\n<p style=\"text-align: center;\"><span style=\"font-family: Jaldi; font-weight: normal; font-size: x-large;\">J\u00e1nska Valley \u2013 walk to the Stani\u0161ovsk\u00e1 cave&#8230;<\/span><\/p>\n<p>[\/et_pb_text][et_pb_gallery gallery_ids=&#8220;5166,5165,5181,5167,5164,5168,5169,5170,5171,5172,5173,5174,5175,5176,5177,5184,5178,5179,5180,5182,5183,5185&#8243; show_title_and_caption=&#8220;off&#8220; _builder_version=&#8220;4.17.4&#8243; _module_preset=&#8220;default&#8220; pagination_font=&#8220;Jaldi||||||||&#8220; pagination_text_align=&#8220;center&#8220; pagination_font_size=&#8220;18px&#8220; custom_margin=&#8220;18px||-36px|||&#8220; locked=&#8220;off&#8220; global_colors_info=&#8220;{}&#8220;][\/et_pb_gallery][\/et_pb_column][\/et_pb_row][\/et_pb_section]<\/p>\n","protected":false},"excerpt":{"rendered":"<p>J\u00e1nska ValleyWalk to the Stani\u0161ovsk\u00e1 Cave&#8230; The J\u00e1nska Valley (J\u00e1nska dolina), where the Alexandra Wellness Hotel*** \u2013 the venue of the Boccia Tatra Cup event \u2013 is located, \u200b\u200bis one of the oldest nature reserves in Slovakia. It starts in the village of Liptovsk\u00fd J\u00e1n, is more than 15 km long and is the longest [&hellip;]<\/p>\n","protected":false},"author":1,"featured_media":0,"parent":0,"menu_order":0,"comment_status":"closed","ping_status":"closed","template":"","meta":{"_et_pb_use_builder":"on","_et_pb_old_content":"","_et_gb_content_width":"","_mi_skip_tracking":false},"yoast_head":"<!-- This site is optimized with the Yoast SEO plugin v20.2.1 - https:\/\/yoast.com\/wordpress\/plugins\/seo\/ -->\n<title>Tip na v\u00fdlet - J\u00e1nska dolina_ENG - Boccia Tatra Cup<\/title>\n<meta name=\"robots\" content=\"index, follow, max-snippet:-1, max-image-preview:large, max-video-preview:-1\" \/>\n<link rel=\"canonical\" href=\"https:\/\/www.bocciatatracup.sk\/?page_id=5327&lang=en\" \/>\n<meta property=\"og:locale\" content=\"sk_SK\" \/>\n<meta property=\"og:type\" content=\"article\" \/>\n<meta property=\"og:title\" content=\"Tip na v\u00fdlet - J\u00e1nska dolina_ENG - Boccia Tatra Cup\" \/>\n<meta property=\"og:description\" content=\"J\u00e1nska ValleyWalk to the Stani\u0161ovsk\u00e1 Cave... The J\u00e1nska Valley (J\u00e1nska dolina), where the Alexandra Wellness Hotel*** \u2013 the venue of the Boccia Tatra Cup event \u2013 is located, \u200b\u200bis one of the oldest nature reserves in Slovakia. It starts in the village of Liptovsk\u00fd J\u00e1n, is more than 15 km long and is the longest [&hellip;]\" \/>\n<meta property=\"og:url\" content=\"https:\/\/www.bocciatatracup.sk\/?page_id=5327&amp;lang=en\" \/>\n<meta property=\"og:site_name\" content=\"Boccia Tatra Cup\" \/>\n<meta property=\"article:modified_time\" content=\"2025-11-24T18:27:32+00:00\" \/>\n<meta name=\"twitter:card\" content=\"summary_large_image\" \/>\n<script type=\"application\/ld+json\" class=\"yoast-schema-graph\">{\"@context\":\"https:\/\/schema.org\",\"@graph\":[{\"@type\":\"WebPage\",\"@id\":\"https:\/\/www.bocciatatracup.sk\/?page_id=5327&lang=en\",\"url\":\"https:\/\/www.bocciatatracup.sk\/?page_id=5327&lang=en\",\"name\":\"Tip na v\u00fdlet - J\u00e1nska dolina_ENG - Boccia Tatra Cup\",\"isPartOf\":{\"@id\":\"https:\/\/www.bocciatatracup.sk\/#website\"},\"datePublished\":\"2025-11-17T15:37:00+00:00\",\"dateModified\":\"2025-11-24T18:27:32+00:00\",\"breadcrumb\":{\"@id\":\"https:\/\/www.bocciatatracup.sk\/?page_id=5327&lang=en#breadcrumb\"},\"inLanguage\":\"sk-SK\",\"potentialAction\":[{\"@type\":\"ReadAction\",\"target\":[\"https:\/\/www.bocciatatracup.sk\/?page_id=5327&lang=en\"]}]},{\"@type\":\"BreadcrumbList\",\"@id\":\"https:\/\/www.bocciatatracup.sk\/?page_id=5327&lang=en#breadcrumb\",\"itemListElement\":[{\"@type\":\"ListItem\",\"position\":1,\"name\":\"Home\",\"item\":\"https:\/\/www.bocciatatracup.sk\/\"},{\"@type\":\"ListItem\",\"position\":2,\"name\":\"Tip na v\u00fdlet &#8211; J\u00e1nska dolina_ENG\"}]},{\"@type\":\"WebSite\",\"@id\":\"https:\/\/www.bocciatatracup.sk\/#website\",\"url\":\"https:\/\/www.bocciatatracup.sk\/\",\"name\":\"Boccia Tatra Cup\",\"description\":\"\",\"potentialAction\":[{\"@type\":\"SearchAction\",\"target\":{\"@type\":\"EntryPoint\",\"urlTemplate\":\"https:\/\/www.bocciatatracup.sk\/?s={search_term_string}\"},\"query-input\":\"required name=search_term_string\"}],\"inLanguage\":\"sk-SK\"}]}<\/script>\n<!-- \/ Yoast SEO plugin. -->","yoast_head_json":{"title":"Tip na v\u00fdlet - J\u00e1nska dolina_ENG - Boccia Tatra Cup","robots":{"index":"index","follow":"follow","max-snippet":"max-snippet:-1","max-image-preview":"max-image-preview:large","max-video-preview":"max-video-preview:-1"},"canonical":"https:\/\/www.bocciatatracup.sk\/?page_id=5327&lang=en","og_locale":"sk_SK","og_type":"article","og_title":"Tip na v\u00fdlet - J\u00e1nska dolina_ENG - Boccia Tatra Cup","og_description":"J\u00e1nska ValleyWalk to the Stani\u0161ovsk\u00e1 Cave... The J\u00e1nska Valley (J\u00e1nska dolina), where the Alexandra Wellness Hotel*** \u2013 the venue of the Boccia Tatra Cup event \u2013 is located, \u200b\u200bis one of the oldest nature reserves in Slovakia. It starts in the village of Liptovsk\u00fd J\u00e1n, is more than 15 km long and is the longest [&hellip;]","og_url":"https:\/\/www.bocciatatracup.sk\/?page_id=5327&lang=en","og_site_name":"Boccia Tatra Cup","article_modified_time":"2025-11-24T18:27:32+00:00","twitter_card":"summary_large_image","schema":{"@context":"https:\/\/schema.org","@graph":[{"@type":"WebPage","@id":"https:\/\/www.bocciatatracup.sk\/?page_id=5327&lang=en","url":"https:\/\/www.bocciatatracup.sk\/?page_id=5327&lang=en","name":"Tip na v\u00fdlet - J\u00e1nska dolina_ENG - Boccia Tatra Cup","isPartOf":{"@id":"https:\/\/www.bocciatatracup.sk\/#website"},"datePublished":"2025-11-17T15:37:00+00:00","dateModified":"2025-11-24T18:27:32+00:00","breadcrumb":{"@id":"https:\/\/www.bocciatatracup.sk\/?page_id=5327&lang=en#breadcrumb"},"inLanguage":"sk-SK","potentialAction":[{"@type":"ReadAction","target":["https:\/\/www.bocciatatracup.sk\/?page_id=5327&lang=en"]}]},{"@type":"BreadcrumbList","@id":"https:\/\/www.bocciatatracup.sk\/?page_id=5327&lang=en#breadcrumb","itemListElement":[{"@type":"ListItem","position":1,"name":"Home","item":"https:\/\/www.bocciatatracup.sk\/"},{"@type":"ListItem","position":2,"name":"Tip na v\u00fdlet &#8211; J\u00e1nska dolina_ENG"}]},{"@type":"WebSite","@id":"https:\/\/www.bocciatatracup.sk\/#website","url":"https:\/\/www.bocciatatracup.sk\/","name":"Boccia Tatra Cup","description":"","potentialAction":[{"@type":"SearchAction","target":{"@type":"EntryPoint","urlTemplate":"https:\/\/www.bocciatatracup.sk\/?s={search_term_string}"},"query-input":"required name=search_term_string"}],"inLanguage":"sk-SK"}]}},"_links":{"self":[{"href":"https:\/\/www.bocciatatracup.sk\/index.php?rest_route=\/wp\/v2\/pages\/5327"}],"collection":[{"href":"https:\/\/www.bocciatatracup.sk\/index.php?rest_route=\/wp\/v2\/pages"}],"about":[{"href":"https:\/\/www.bocciatatracup.sk\/index.php?rest_route=\/wp\/v2\/types\/page"}],"author":[{"embeddable":true,"href":"https:\/\/www.bocciatatracup.sk\/index.php?rest_route=\/wp\/v2\/users\/1"}],"replies":[{"embeddable":true,"href":"https:\/\/www.bocciatatracup.sk\/index.php?rest_route=%2Fwp%2Fv2%2Fcomments&post=5327"}],"version-history":[{"count":6,"href":"https:\/\/www.bocciatatracup.sk\/index.php?rest_route=\/wp\/v2\/pages\/5327\/revisions"}],"predecessor-version":[{"id":5517,"href":"https:\/\/www.bocciatatracup.sk\/index.php?rest_route=\/wp\/v2\/pages\/5327\/revisions\/5517"}],"wp:attachment":[{"href":"https:\/\/www.bocciatatracup.sk\/index.php?rest_route=%2Fwp%2Fv2%2Fmedia&parent=5327"}],"curies":[{"name":"wp","href":"https:\/\/api.w.org\/{rel}","templated":true}]}}