{"id":5244,"date":"2025-11-24T19:21:52","date_gmt":"2025-11-24T18:21:52","guid":{"rendered":"https:\/\/www.bocciatatracup.sk\/?page_id=5244"},"modified":"2025-11-24T19:55:30","modified_gmt":"2025-11-24T18:55:30","slug":"tip-na-vylet-medokys","status":"publish","type":"page","link":"https:\/\/www.bocciatatracup.sk\/?page_id=5244","title":{"rendered":"Tip na v\u00fdlet &#8211; Medok\u00fd\u0161"},"content":{"rendered":"<p>[et_pb_section fb_built=&#8220;1&#8243; admin_label=&#8220;Hero&#8220; _builder_version=&#8220;4.17.4&#8243; _module_preset=&#8220;default&#8220; background_image=&#8220;https:\/\/www.bocciatatracup.sk\/wp-content\/uploads\/2025\/11\/TIPY-NA-VYLET_SMedokys_banner.jpg&#8220; background_position=&#8220;top_center&#8220; custom_margin=&#8220;||-5px|||&#8220; custom_padding=&#8220;55px|3px|98px||false|false&#8220; bottom_divider_color=&#8220;#ffffff&#8220; bottom_divider_flip=&#8220;horizontal&#8220; animation_style=&#8220;slide&#8220; animation_direction=&#8220;top&#8220; animation_intensity_slide=&#8220;5%&#8220; animation_starting_opacity=&#8220;100%&#8220; global_colors_info=&#8220;{}&#8220;][et_pb_row column_structure=&#8220;3_4,1_4&#8243; _builder_version=&#8220;4.17.4&#8243; _module_preset=&#8220;default&#8220; background_size=&#8220;initial&#8220; background_position=&#8220;top_left&#8220; background_repeat=&#8220;repeat&#8220; custom_margin=&#8220;-29px|auto|-4px|auto|false|false&#8220; custom_padding=&#8220;4px|0px|0px|0px|false|false&#8220; global_colors_info=&#8220;{}&#8220;][et_pb_column type=&#8220;3_4&#8243; _builder_version=&#8220;4.16&#8243; _module_preset=&#8220;default&#8220; custom_padding=&#8220;|||&#8220; global_colors_info=&#8220;{}&#8220; custom_padding__hover=&#8220;|||&#8220;][et_pb_text admin_label=&#8220;Title&#8220; _builder_version=&#8220;4.17.4&#8243; _module_preset=&#8220;default&#8220; text_font=&#8220;||||||||&#8220; header_font=&#8220;Montserrat|600|||||||&#8220; header_font_size=&#8220;80px&#8220; header_line_height=&#8220;1.2em&#8220; background_layout=&#8220;dark&#8220; custom_margin=&#8220;27px||2px|||&#8220; custom_padding=&#8220;10px||0px|||&#8220; animation_style=&#8220;fade&#8220; animation_direction=&#8220;left&#8220; header_font_size_tablet=&#8220;&#8220; header_font_size_phone=&#8220;72px&#8220; header_font_size_last_edited=&#8220;on|phone&#8220; inline_fonts=&#8220;Jaldi&#8220; global_colors_info=&#8220;{}&#8220;]<\/p>\n<h1><strong><span style=\"font-family: Jaldi;\">N\u00e1u\u010dn\u00fd chodn\u00edk<\/span><\/strong><\/h1>\n<p>[\/et_pb_text][et_pb_text _builder_version=&#8220;4.17.4&#8243; _module_preset=&#8220;default&#8220; text_font=&#8220;Montserrat|300|||||||&#8220; text_font_size=&#8220;20px&#8220; text_line_height=&#8220;1.8em&#8220; header_text_align=&#8220;right&#8220; background_layout=&#8220;dark&#8220; custom_margin=&#8220;-14px||3px||false|false&#8220; animation_style=&#8220;fade&#8220; animation_direction=&#8220;left&#8220; animation_delay=&#8220;100ms&#8220; inline_fonts=&#8220;Jaldi&#8220; global_colors_info=&#8220;{}&#8220;]<\/p>\n<p><span style=\"font-family: Jaldi; font-weight: normal; font-size: x-large;\">k miner\u00e1lnemu prame\u0148u Medok\u00fd\u0161&#8230;<\/span><\/p>\n<p>[\/et_pb_text][\/et_pb_column][et_pb_column type=&#8220;1_4&#8243; _builder_version=&#8220;4.16&#8243; _module_preset=&#8220;default&#8220; custom_padding=&#8220;|||&#8220; global_colors_info=&#8220;{}&#8220; custom_padding__hover=&#8220;|||&#8220;][\/et_pb_column][\/et_pb_row][\/et_pb_section][et_pb_section fb_built=&#8220;1&#8243; admin_label=&#8220;Sponsors&#8220; _builder_version=&#8220;4.17.4&#8243; _module_preset=&#8220;default&#8220; custom_margin=&#8220;7px||-5px|||&#8220; custom_padding=&#8220;27px|1px|31px|0px||&#8220; animation_style=&#8220;fade&#8220; global_colors_info=&#8220;{}&#8220;][et_pb_row _builder_version=&#8220;4.17.4&#8243; _module_preset=&#8220;default&#8220; width=&#8220;70%&#8220; custom_padding=&#8220;10px||3px|||&#8220; animation_style=&#8220;fade&#8220; global_colors_info=&#8220;{}&#8220;][et_pb_column type=&#8220;4_4&#8243; _builder_version=&#8220;4.17.4&#8243; _module_preset=&#8220;default&#8220; global_colors_info=&#8220;{}&#8220;][et_pb_text _builder_version=&#8220;4.17.4&#8243; _module_preset=&#8220;default&#8220; global_colors_info=&#8220;{}&#8220;]<\/p>\n<div class=\"et_pb_module et_pb_text et_pb_text_15 et_pb_text_align_left et_pb_bg_layout_dark et_had_animation\">\n<div class=\"et_pb_text_inner\">\n<h3 lang=\"en-GB\" align=\"JUSTIFY\"><span style=\"color: #666666; font-size: medium; text-align: left;\">Obec Liptovsk\u00fd J\u00e1n dostala do vienka nielen kr\u00e1snu pr\u00edrodu, ale aj \u017eriedeln\u00fa oblas\u0165 bohat\u00fa na term\u00e1lne a miner\u00e1lne pramene. Studen\u00e9 pramene miestni u\u017e od prad\u00e1vna naz\u00fdvaj\u00fa medok\u00fd\u0161mi.<\/span><\/h3>\n<h3 lang=\"en-GB\" align=\"JUSTIFY\"><span style=\"color: #666666; font-size: medium;\">K vyh\u013ead\u00e1van\u00e9mu prame\u0148u Medok\u00fd\u0161 \u2013 \u017eriedlu s osvie\u017euj\u00facou miner\u00e1lnou vodou s vysok\u00fdm obsahom \u017eeleza pri hranici s obcou Podture\u0148, vedie n\u00e1u\u010dn\u00fd chodn\u00edk. Za\u010d\u00edna na okraji obce, pri term\u00e1lnom prameni Ka\u010fa, len 2,3 km od are\u00e1lu Alexandra Wellness Hotel. Vedie po \u00fap\u00e4t\u00ed vrchu Kameni\u010dn\u00e1 k miner\u00e1lnemu prame\u0148u Medok\u00fd\u0161 a pokra\u010duje popri rieke V\u00e1h a\u017e do Liptovskej Por\u00fabky. Je dlh\u00fd 5,5 km s prev\u00fd\u0161en\u00edm 250 m a 6 zast\u00e1vkami osaden\u00fdmi informa\u010dn\u00fdmi panelmi. Panely informuj\u00fa o miestnej biodiverzite, hist\u00f3rii okolit\u00fdch obc\u00ed, o vzniku miner\u00e1lneho prame\u0148a Medok\u00fd\u0161, starostlivosti o okolit\u00e9 lesy, \u010di o pltn\u00edctve star\u00e9ho Liptova. Tra\u0165 je obojsmern\u00e1, nen\u00e1ro\u010dn\u00e1, vhodn\u00e1 pre pe\u0161\u00edch aj bicykle. Jedn\u00fdm smerom ju pe\u0161i prejdete za pribli\u017ene 2 hodiny.<\/span><\/h3>\n<h3 lang=\"en-GB\" align=\"JUSTIFY\"><span style=\"color: #666666; font-size: medium;\">Povrch n\u00e1u\u010dn\u00e9ho chodn\u00edka je miestami bet\u00f3nov\u00fd, miestami vysypan\u00fd drobn\u00fdmi kamienkami a miestami pripom\u00edna sk\u00f4r lesn\u00fa cesti\u010dku. Z tohto d\u00f4vodu, ale aj kv\u00f4li prud\u0161\u00edm prev\u00fd\u0161eniam na viacer\u00fdch jeho miestach, je chodn\u00edk pre \u013eud\u00ed na invalidnom voz\u00edku dostupn\u00fd len \u010diasto\u010dne. Pre chodiacich s obmedzenou mobilitou, ktor\u00ed zvl\u00e1dnu prejs\u0165 t\u00fato vzdialenos\u0165 alebo aspo\u0148 jej \u010das\u0165, je zvl\u00e1dnute\u013en\u00fd. Aj kr\u00e1tka prech\u00e1dzka t\u00fdmto kr\u00e1snym krajom ur\u010dite stoj\u00ed za to a budete ma\u0165 na nej \u010do obdivova\u0165.<\/span><\/h3>\n<h3 lang=\"en-GB\" align=\"JUSTIFY\"><span style=\"color: #666666; font-size: medium;\">My, vzh\u013eadom na \u00farove\u0148 mobility n\u00e1\u0161ho \u201etestovacieho t\u00edmu\u201d, sme sa rozhodli osobne presk\u00fama\u0165 len v\u00fdjazd z are\u00e1lu term\u00e1lneho prame\u0148a Ka\u010fa a jeho bl\u00edzke okolie. N\u00e1u\u010dn\u00fd chodn\u00edk za\u010d\u00edna hne\u010f za t\u00fdmto are\u00e1lom, po prekro\u010den\u00ed l\u00e1vky ponad potok \u0160tiavnica. Nieko\u013eko desiatok metrov vedie popri potoku, kde m\u00e1 povrch spevnen\u00fd bet\u00f3nom a bez probl\u00e9mov n\u00edm prejde ka\u017ed\u00fd invalidn\u00fd voz\u00edk. Tieto ide\u00e1lne podmienky pre imobiln\u00fdch v\u0161ak kon\u010dia, len \u010do chodn\u00edk opust\u00ed breh potoka a vst\u00fapi do lesa. \u010ealej u\u017e mierne st\u00fapa a jeho povrch tvoria drobn\u00e9 kamienky. Tu to na\u0161e elektrick\u00e9 voz\u00edky vzdali a vr\u00e1tili sa sp\u00e4\u0165. Lesom pokra\u010dovala u\u017e len skupinka chodiacich \u2013 3 osoby s obmedzenou mobilitou <em>(chodiaci s oporou aj bez)<\/em> a 2 zdrav\u00ed asistenti. Pre pr\u00edpad potreby sme sebou mali aj mechanick\u00fd invalidn\u00fd voz\u00edk. Problematick\u00fdm ter\u00e9nom sme ho tla\u010dili pr\u00e1zdny, miestami n\u00e1m v\u0161ak bol u\u017eito\u010dn\u00fd. N\u00e1u\u010dn\u00e9ho chodn\u00edka sme sa dr\u017eali po prv\u00e9 r\u00e1zcestie. Tu sme zamierili doprava a \u00fazkou lesnou cestou, ved\u00facou \u00fap\u00e4t\u00edm nad potokom \u0160tiavnica k miestnemu cintor\u00ednu a pod Sv\u00e4toj\u00e1nsku rozh\u013ead\u0148u, sme sa vydali sp\u00e4\u0165, smerom nad term\u00e1lny prame\u0148 Ka\u010fa. Pod rozh\u013ead\u0148ou, len p\u00e1r v\u00fd\u0161kov\u00fdch metrov nad cie\u013eom na\u0161ej cesty, sme uprostred pr\u00edrody objavili mal\u00e9 outdoorov\u00e9 \u0161portovisko a informa\u010dn\u00fa tabu\u013eu so zvukov\u00fdm pexesom \u201eHlasy lesa\u201d. Odtia\u013e sme chodn\u00edkom dolu svahom <em>(\u201epo vlastn\u00fdch\u201d a s pr\u00e1zdnym invalidn\u00fdm voz\u00edkom)<\/em> bez v\u00e4\u010d\u0161\u00edch probl\u00e9mov zost\u00fapili k potoku \u0160tiavnica, sp\u00e4\u0165 do are\u00e1lu term\u00e1lneho prame\u0148a Ka\u010fa &#8211; na to ist\u00e9 miesto, kde sme n\u00e1\u0161 nie\u010do cez pol kilometra dlh\u00fd \u201etestovac\u00ed\u201d okruh o necel\u00fa hodinu sk\u00f4r za\u010dali.<\/span><\/h3>\n<p><span style=\"color: #666666; font-size: medium;\"><\/span><\/p>\n<p><span style=\"color: #666666; font-size: medium;\"><strong>Vzdialenos\u0165 od hotela <em>(za\u010diatok n\u00e1u\u010dn\u00e9ho chodn\u00edka)<\/em>:\u00a0<\/strong> 2,3 km <em>(4 min. autom do obce Liptovsk\u00fd J\u00e1n, smer Podture\u0148 \/ pe\u0161i 2 cca 30 min &#8211; trasa ide\u00e1lna pre elektrick\u00e9 invalidn\u00e9 voz\u00edky a voz\u00edky s pr\u00eddavn\u00fdm elektrick\u00fdm pohonom)<\/em><br \/><strong>D\u013a\u017eka cel\u00e9ho chodn\u00edka<em> (v jednom smere)<\/em>:\u00a0<\/strong> 5,5 km<br \/><strong>Prev\u00fd\u0161enie:<\/strong>\u00a0 250 m na trase 5,5 km<br \/><strong>Povrch chodn\u00edka:<\/strong>\u00a0 \u00faseky spevnen\u00e9 bet\u00f3nom, \u00faseky vysypan\u00e9 drobn\u00fdmi kamienkami, aj \u00faseky s povrchom lesn\u00e9ho turistick\u00e9ho chodn\u00edka<br \/><\/span><\/p>\n<p><span style=\"color: #666666; font-size: medium;\"><strong><br \/>Dostupnos\u0165 pre \u013eud\u00ed s obmedzenou mobilitou:<\/strong><\/span><\/p>\n<p><span style=\"color: #666666; font-size: medium;\">\u2022\u00a0 <strong>\u010diasto\u010dne dostupn\u00e9 na invalidnom voz\u00edku<\/strong> <em>(1. etapa od obce Liptovsk\u00fd J\u00e1n, inak pod\u013ea vlastn\u00e9ho zv\u00e1\u017eenia)<\/em>,<br \/>\u2022\u00a0 <strong>chodiaci bez opory aj s oporou<\/strong> <em>(barly, chod\u00e1k,&#8230;)<\/em> pod\u013ea vlastn\u00fdch schopnost\u00ed a kond\u00edcie, <strong>odpor\u00fa\u010dame doprovod<\/strong> zdrav\u00e9ho asistenta, v pr\u00edpade potreby je na niektor\u00fdch \u00fasekoch mo\u017en\u00e9 pou\u017ei\u0165 aj mechanick\u00fd invalidn\u00fd voz\u00edk<\/span><\/p>\n<h3 lang=\"en-GB\" align=\"JUSTIFY\" style=\"text-align: right;\"><\/h3>\n<\/div>\n<\/div>\n<p>[\/et_pb_text][\/et_pb_column][\/et_pb_row][et_pb_row use_custom_gutter=&#8220;on&#8220; gutter_width=&#8220;1&#8243; _builder_version=&#8220;4.17.4&#8243; _module_preset=&#8220;default&#8220; width=&#8220;auto&#8220; max_width=&#8220;2560px&#8220; module_alignment=&#8220;center&#8220; custom_padding=&#8220;18px|||||&#8220; locked=&#8220;off&#8220; global_colors_info=&#8220;{}&#8220;][et_pb_column type=&#8220;4_4&#8243; _builder_version=&#8220;4.17.4&#8243; _module_preset=&#8220;default&#8220; global_colors_info=&#8220;{}&#8220;][et_pb_text _builder_version=&#8220;4.17.4&#8243; _module_preset=&#8220;default&#8220; text_font=&#8220;Jaldi|||on|||||&#8220; text_text_color=&#8220;rgba(0,0,0,0.25)&#8220; text_font_size=&#8220;19px&#8220; header_font=&#8220;Jaldi|||on|||||&#8220; header_text_color=&#8220;rgba(0,0,0,0.25)&#8220; header_font_size=&#8220;19px&#8220; min_height=&#8220;6.8px&#8220; custom_margin=&#8220;||26px|||&#8220; custom_padding=&#8220;||0px|||&#8220; global_colors_info=&#8220;{}&#8220;]<\/p>\n<p style=\"text-align: center;\">gal\u00e9ria<\/p>\n<p>[\/et_pb_text][et_pb_text _builder_version=&#8220;4.17.4&#8243; _module_preset=&#8220;default&#8220; custom_margin=&#8220;-24px||17px|||&#8220; inline_fonts=&#8220;Jaldi&#8220; global_colors_info=&#8220;{}&#8220;]<\/p>\n<p style=\"text-align: center;\"><span style=\"color: rgba(0, 0, 0, 0.25);\"><em><span style=\"font-family: Jaldi; font-weight: normal; font-size: large;\">(kliknite na fotografiu pre zv\u00e4\u010d\u0161enie)<\/span><\/em><\/span><\/p>\n<p>[\/et_pb_text][et_pb_text _builder_version=&#8220;4.17.4&#8243; _module_preset=&#8220;default&#8220; custom_margin=&#8220;-9px|||||&#8220; hover_enabled=&#8220;0&#8243; global_colors_info=&#8220;{}&#8220; sticky_enabled=&#8220;0&#8243;]<\/p>\n<p style=\"text-align: center;\"><span style=\"font-family: Jaldi; font-weight: normal; font-size: x-large;\">Liptovsk\u00fd J\u00e1n &#8211; N\u00e1u\u010dn\u00fd chodn\u00edk k miner\u00e1lnemu prame\u0148u Medok\u00fd\u0161&#8230;<\/span><\/p>\n<p>[\/et_pb_text][et_pb_gallery gallery_ids=&#8220;5258,5271,5269,5267,5254,5255,5256,5257,5259,5260,5261,5262,5263,5264,5265,5266,5268,5270&#8243; show_title_and_caption=&#8220;off&#8220; _builder_version=&#8220;4.17.4&#8243; _module_preset=&#8220;default&#8220; pagination_font=&#8220;Jaldi||||||||&#8220; pagination_text_align=&#8220;center&#8220; pagination_font_size=&#8220;18px&#8220; custom_margin=&#8220;18px||-36px|||&#8220; locked=&#8220;off&#8220; global_colors_info=&#8220;{}&#8220;][\/et_pb_gallery][\/et_pb_column][\/et_pb_row][\/et_pb_section]<\/p>\n","protected":false},"excerpt":{"rendered":"<p>N\u00e1u\u010dn\u00fd chodn\u00edkk miner\u00e1lnemu prame\u0148u Medok\u00fd\u0161&#8230; Obec Liptovsk\u00fd J\u00e1n dostala do vienka nielen kr\u00e1snu pr\u00edrodu, ale aj \u017eriedeln\u00fa oblas\u0165 bohat\u00fa na term\u00e1lne a miner\u00e1lne pramene. Studen\u00e9 pramene miestni u\u017e od prad\u00e1vna naz\u00fdvaj\u00fa medok\u00fd\u0161mi. K vyh\u013ead\u00e1van\u00e9mu prame\u0148u Medok\u00fd\u0161 \u2013 \u017eriedlu s osvie\u017euj\u00facou miner\u00e1lnou vodou s vysok\u00fdm obsahom \u017eeleza pri hranici s obcou Podture\u0148, vedie n\u00e1u\u010dn\u00fd chodn\u00edk. Za\u010d\u00edna [&hellip;]<\/p>\n","protected":false},"author":1,"featured_media":0,"parent":0,"menu_order":0,"comment_status":"closed","ping_status":"closed","template":"","meta":{"_et_pb_use_builder":"on","_et_pb_old_content":"","_et_gb_content_width":"","_mi_skip_tracking":false},"yoast_head":"<!-- This site is optimized with the Yoast SEO plugin v20.2.1 - https:\/\/yoast.com\/wordpress\/plugins\/seo\/ -->\n<title>Tip na v\u00fdlet - Medok\u00fd\u0161 - Boccia Tatra Cup<\/title>\n<meta name=\"robots\" content=\"index, follow, max-snippet:-1, max-image-preview:large, max-video-preview:-1\" \/>\n<link rel=\"canonical\" href=\"https:\/\/www.bocciatatracup.sk\/?page_id=5244\" \/>\n<meta property=\"og:locale\" content=\"sk_SK\" \/>\n<meta property=\"og:type\" content=\"article\" \/>\n<meta property=\"og:title\" content=\"Tip na v\u00fdlet - Medok\u00fd\u0161 - Boccia Tatra Cup\" \/>\n<meta property=\"og:description\" content=\"N\u00e1u\u010dn\u00fd chodn\u00edkk miner\u00e1lnemu prame\u0148u Medok\u00fd\u0161... Obec Liptovsk\u00fd J\u00e1n dostala do vienka nielen kr\u00e1snu pr\u00edrodu, ale aj \u017eriedeln\u00fa oblas\u0165 bohat\u00fa na term\u00e1lne a miner\u00e1lne pramene. Studen\u00e9 pramene miestni u\u017e od prad\u00e1vna naz\u00fdvaj\u00fa medok\u00fd\u0161mi. K vyh\u013ead\u00e1van\u00e9mu prame\u0148u Medok\u00fd\u0161 \u2013 \u017eriedlu s osvie\u017euj\u00facou miner\u00e1lnou vodou s vysok\u00fdm obsahom \u017eeleza pri hranici s obcou Podture\u0148, vedie n\u00e1u\u010dn\u00fd chodn\u00edk. Za\u010d\u00edna [&hellip;]\" \/>\n<meta property=\"og:url\" content=\"https:\/\/www.bocciatatracup.sk\/?page_id=5244\" \/>\n<meta property=\"og:site_name\" content=\"Boccia Tatra Cup\" \/>\n<meta property=\"article:modified_time\" content=\"2025-11-24T18:55:30+00:00\" \/>\n<meta name=\"twitter:card\" content=\"summary_large_image\" \/>\n<script type=\"application\/ld+json\" class=\"yoast-schema-graph\">{\"@context\":\"https:\/\/schema.org\",\"@graph\":[{\"@type\":\"WebPage\",\"@id\":\"https:\/\/www.bocciatatracup.sk\/?page_id=5244\",\"url\":\"https:\/\/www.bocciatatracup.sk\/?page_id=5244\",\"name\":\"Tip na v\u00fdlet - Medok\u00fd\u0161 - Boccia Tatra Cup\",\"isPartOf\":{\"@id\":\"https:\/\/www.bocciatatracup.sk\/#website\"},\"datePublished\":\"2025-11-24T18:21:52+00:00\",\"dateModified\":\"2025-11-24T18:55:30+00:00\",\"breadcrumb\":{\"@id\":\"https:\/\/www.bocciatatracup.sk\/?page_id=5244#breadcrumb\"},\"inLanguage\":\"sk-SK\",\"potentialAction\":[{\"@type\":\"ReadAction\",\"target\":[\"https:\/\/www.bocciatatracup.sk\/?page_id=5244\"]}]},{\"@type\":\"BreadcrumbList\",\"@id\":\"https:\/\/www.bocciatatracup.sk\/?page_id=5244#breadcrumb\",\"itemListElement\":[{\"@type\":\"ListItem\",\"position\":1,\"name\":\"Home\",\"item\":\"https:\/\/www.bocciatatracup.sk\/\"},{\"@type\":\"ListItem\",\"position\":2,\"name\":\"Tip na v\u00fdlet &#8211; Medok\u00fd\u0161\"}]},{\"@type\":\"WebSite\",\"@id\":\"https:\/\/www.bocciatatracup.sk\/#website\",\"url\":\"https:\/\/www.bocciatatracup.sk\/\",\"name\":\"Boccia Tatra Cup\",\"description\":\"\",\"potentialAction\":[{\"@type\":\"SearchAction\",\"target\":{\"@type\":\"EntryPoint\",\"urlTemplate\":\"https:\/\/www.bocciatatracup.sk\/?s={search_term_string}\"},\"query-input\":\"required name=search_term_string\"}],\"inLanguage\":\"sk-SK\"}]}<\/script>\n<!-- \/ Yoast SEO plugin. -->","yoast_head_json":{"title":"Tip na v\u00fdlet - Medok\u00fd\u0161 - Boccia Tatra Cup","robots":{"index":"index","follow":"follow","max-snippet":"max-snippet:-1","max-image-preview":"max-image-preview:large","max-video-preview":"max-video-preview:-1"},"canonical":"https:\/\/www.bocciatatracup.sk\/?page_id=5244","og_locale":"sk_SK","og_type":"article","og_title":"Tip na v\u00fdlet - Medok\u00fd\u0161 - Boccia Tatra Cup","og_description":"N\u00e1u\u010dn\u00fd chodn\u00edkk miner\u00e1lnemu prame\u0148u Medok\u00fd\u0161... Obec Liptovsk\u00fd J\u00e1n dostala do vienka nielen kr\u00e1snu pr\u00edrodu, ale aj \u017eriedeln\u00fa oblas\u0165 bohat\u00fa na term\u00e1lne a miner\u00e1lne pramene. Studen\u00e9 pramene miestni u\u017e od prad\u00e1vna naz\u00fdvaj\u00fa medok\u00fd\u0161mi. K vyh\u013ead\u00e1van\u00e9mu prame\u0148u Medok\u00fd\u0161 \u2013 \u017eriedlu s osvie\u017euj\u00facou miner\u00e1lnou vodou s vysok\u00fdm obsahom \u017eeleza pri hranici s obcou Podture\u0148, vedie n\u00e1u\u010dn\u00fd chodn\u00edk. Za\u010d\u00edna [&hellip;]","og_url":"https:\/\/www.bocciatatracup.sk\/?page_id=5244","og_site_name":"Boccia Tatra Cup","article_modified_time":"2025-11-24T18:55:30+00:00","twitter_card":"summary_large_image","schema":{"@context":"https:\/\/schema.org","@graph":[{"@type":"WebPage","@id":"https:\/\/www.bocciatatracup.sk\/?page_id=5244","url":"https:\/\/www.bocciatatracup.sk\/?page_id=5244","name":"Tip na v\u00fdlet - Medok\u00fd\u0161 - Boccia Tatra Cup","isPartOf":{"@id":"https:\/\/www.bocciatatracup.sk\/#website"},"datePublished":"2025-11-24T18:21:52+00:00","dateModified":"2025-11-24T18:55:30+00:00","breadcrumb":{"@id":"https:\/\/www.bocciatatracup.sk\/?page_id=5244#breadcrumb"},"inLanguage":"sk-SK","potentialAction":[{"@type":"ReadAction","target":["https:\/\/www.bocciatatracup.sk\/?page_id=5244"]}]},{"@type":"BreadcrumbList","@id":"https:\/\/www.bocciatatracup.sk\/?page_id=5244#breadcrumb","itemListElement":[{"@type":"ListItem","position":1,"name":"Home","item":"https:\/\/www.bocciatatracup.sk\/"},{"@type":"ListItem","position":2,"name":"Tip na v\u00fdlet &#8211; Medok\u00fd\u0161"}]},{"@type":"WebSite","@id":"https:\/\/www.bocciatatracup.sk\/#website","url":"https:\/\/www.bocciatatracup.sk\/","name":"Boccia Tatra Cup","description":"","potentialAction":[{"@type":"SearchAction","target":{"@type":"EntryPoint","urlTemplate":"https:\/\/www.bocciatatracup.sk\/?s={search_term_string}"},"query-input":"required name=search_term_string"}],"inLanguage":"sk-SK"}]}},"_links":{"self":[{"href":"https:\/\/www.bocciatatracup.sk\/index.php?rest_route=\/wp\/v2\/pages\/5244"}],"collection":[{"href":"https:\/\/www.bocciatatracup.sk\/index.php?rest_route=\/wp\/v2\/pages"}],"about":[{"href":"https:\/\/www.bocciatatracup.sk\/index.php?rest_route=\/wp\/v2\/types\/page"}],"author":[{"embeddable":true,"href":"https:\/\/www.bocciatatracup.sk\/index.php?rest_route=\/wp\/v2\/users\/1"}],"replies":[{"embeddable":true,"href":"https:\/\/www.bocciatatracup.sk\/index.php?rest_route=%2Fwp%2Fv2%2Fcomments&post=5244"}],"version-history":[{"count":6,"href":"https:\/\/www.bocciatatracup.sk\/index.php?rest_route=\/wp\/v2\/pages\/5244\/revisions"}],"predecessor-version":[{"id":5540,"href":"https:\/\/www.bocciatatracup.sk\/index.php?rest_route=\/wp\/v2\/pages\/5244\/revisions\/5540"}],"wp:attachment":[{"href":"https:\/\/www.bocciatatracup.sk\/index.php?rest_route=%2Fwp%2Fv2%2Fmedia&parent=5244"}],"curies":[{"name":"wp","href":"https:\/\/api.w.org\/{rel}","templated":true}]}}