{"id":3035,"date":"2025-02-06T20:08:47","date_gmt":"2025-02-06T19:08:47","guid":{"rendered":"https:\/\/www.bocciatatracup.sk\/?page_id=3035"},"modified":"2026-01-07T13:15:47","modified_gmt":"2026-01-07T12:15:47","slug":"historia","status":"publish","type":"page","link":"https:\/\/www.bocciatatracup.sk\/?page_id=3035","title":{"rendered":"Hist\u00f3ria"},"content":{"rendered":"<p>[et_pb_section fb_built=&#8220;1&#8243; admin_label=&#8220;Hero&#8220; _builder_version=&#8220;4.17.4&#8243; _module_preset=&#8220;default&#8220; background_image=&#8220;https:\/\/www.bocciatatracup.sk\/wp-content\/uploads\/2025\/11\/HISTORIA_banner2.jpg&#8220; background_position=&#8220;top_center&#8220; custom_margin=&#8220;||-5px|||&#8220; custom_padding=&#8220;55px|3px|98px||false|false&#8220; bottom_divider_color=&#8220;#ffffff&#8220; bottom_divider_flip=&#8220;horizontal&#8220; animation_style=&#8220;slide&#8220; animation_direction=&#8220;top&#8220; animation_intensity_slide=&#8220;5%&#8220; animation_starting_opacity=&#8220;100%&#8220; global_colors_info=&#8220;{}&#8220;][et_pb_row column_structure=&#8220;3_4,1_4&#8243; _builder_version=&#8220;4.17.4&#8243; _module_preset=&#8220;default&#8220; background_size=&#8220;initial&#8220; background_position=&#8220;top_left&#8220; background_repeat=&#8220;repeat&#8220; custom_margin=&#8220;-29px|auto|-4px|auto|false|false&#8220; custom_padding=&#8220;4px|0px|0px|0px|false|false&#8220; global_colors_info=&#8220;{}&#8220;][et_pb_column type=&#8220;3_4&#8243; _builder_version=&#8220;4.16&#8243; _module_preset=&#8220;default&#8220; custom_padding=&#8220;|||&#8220; global_colors_info=&#8220;{}&#8220; custom_padding__hover=&#8220;|||&#8220;][et_pb_text admin_label=&#8220;Title&#8220; _builder_version=&#8220;4.17.4&#8243; _module_preset=&#8220;default&#8220; text_font=&#8220;||||||||&#8220; header_font=&#8220;Montserrat|600|||||||&#8220; header_font_size=&#8220;80px&#8220; header_line_height=&#8220;1.2em&#8220; background_layout=&#8220;dark&#8220; custom_margin=&#8220;27px||2px|||&#8220; custom_padding=&#8220;10px||0px|||&#8220; animation_style=&#8220;fade&#8220; animation_direction=&#8220;left&#8220; header_font_size_tablet=&#8220;&#8220; header_font_size_phone=&#8220;72px&#8220; header_font_size_last_edited=&#8220;on|phone&#8220; inline_fonts=&#8220;Jaldi&#8220; global_colors_info=&#8220;{}&#8220;]<\/p>\n<h1><strong><span style=\"font-family: Jaldi;\">Hist\u00f3ria turnaja<\/span><\/strong><\/h1>\n<p>[\/et_pb_text][et_pb_text _builder_version=&#8220;4.17.4&#8243; _module_preset=&#8220;default&#8220; text_font=&#8220;Montserrat|300|||||||&#8220; text_font_size=&#8220;20px&#8220; text_line_height=&#8220;1.8em&#8220; header_text_align=&#8220;right&#8220; background_layout=&#8220;dark&#8220; custom_margin=&#8220;-14px||3px||false|false&#8220; animation_style=&#8220;fade&#8220; animation_direction=&#8220;left&#8220; animation_delay=&#8220;100ms&#8220; inline_fonts=&#8220;Jaldi&#8220; global_colors_info=&#8220;{}&#8220;]<\/p>\n<p><span style=\"font-family: Jaldi; font-weight: normal; font-size: x-large;\">Fakty, v\u00fdsledky, gal\u00e9ria&#8230;<\/span><\/p>\n<p>[\/et_pb_text][\/et_pb_column][et_pb_column type=&#8220;1_4&#8243; _builder_version=&#8220;4.16&#8243; _module_preset=&#8220;default&#8220; custom_padding=&#8220;|||&#8220; global_colors_info=&#8220;{}&#8220; custom_padding__hover=&#8220;|||&#8220;][\/et_pb_column][\/et_pb_row][\/et_pb_section][et_pb_section fb_built=&#8220;1&#8243; admin_label=&#8220;Sponsors&#8220; _builder_version=&#8220;4.17.4&#8243; _module_preset=&#8220;default&#8220; custom_margin=&#8220;7px||-5px|||&#8220; custom_padding=&#8220;27px|1px|31px|0px||&#8220; animation_style=&#8220;fade&#8220; global_colors_info=&#8220;{}&#8220;][et_pb_row _builder_version=&#8220;4.17.4&#8243; _module_preset=&#8220;default&#8220; width=&#8220;70%&#8220; custom_padding=&#8220;10px||3px|||&#8220; animation_style=&#8220;fade&#8220; global_colors_info=&#8220;{}&#8220;][et_pb_column type=&#8220;4_4&#8243; _builder_version=&#8220;4.17.4&#8243; _module_preset=&#8220;default&#8220; global_colors_info=&#8220;{}&#8220;][et_pb_text _builder_version=&#8220;4.17.4&#8243; _module_preset=&#8220;default&#8220; global_colors_info=&#8220;{}&#8220;]<\/p>\n<div class=\"et_pb_module et_pb_text et_pb_text_15 et_pb_text_align_left et_pb_bg_layout_dark et_had_animation\">\n<div class=\"et_pb_text_inner\">\n<h3 lang=\"en-GB\" align=\"JUSTIFY\"><span style=\"color: #666666; font-size: medium; text-align: left;\">Ke\u010f sme v roku 2015 s turnajom Boccia Tatra Cup za\u010d\u00ednali, na\u0161\u00edm z\u00e1merom bolo zalo\u017ei\u0165 na Slovensku trad\u00edciu kvalitn\u00e9ho medzin\u00e1rodn\u00e9ho turnaja v boccii s pridanou hodnotou. To sa n\u00e1m, aj v\u010faka V\u00e1m a \u00fa\u017easnej atmosf\u00e9re, ktor\u00fa na turnaji dok\u00e1\u017eete vytvori\u0165, podarilo.<\/span><\/h3>\n<h3 lang=\"en-GB\" align=\"JUSTIFY\"><span style=\"color: #666666; font-size: medium;\">\u010eakujeme\u2026<\/span><\/h3>\n<h3 lang=\"en-GB\" align=\"JUSTIFY\" style=\"text-align: right;\"><strong style=\"color: #666666; font-size: 18px; text-align: right;\">ZOM PRE\u0160OV<\/strong><span style=\"color: #666666; font-size: 18px; text-align: right;\"> \/ V\u00c1\u0160 REALIZA\u010cN\u00dd T\u00cdM<\/span><\/h3>\n<\/div>\n<\/div>\n<p>[\/et_pb_text][\/et_pb_column][\/et_pb_row][et_pb_row column_structure=&#8220;1_4,1_4,1_4,1_4&#8243; _builder_version=&#8220;4.17.4&#8243; _module_preset=&#8220;default&#8220; width=&#8220;70%&#8220; min_height=&#8220;98.2px&#8220; custom_margin=&#8220;||-15px||false|false&#8220; custom_padding=&#8220;||0px||false|false&#8220; global_colors_info=&#8220;{}&#8220;][et_pb_column type=&#8220;1_4&#8243; _builder_version=&#8220;4.17.4&#8243; _module_preset=&#8220;default&#8220; global_colors_info=&#8220;{}&#8220;][et_pb_blurb title=&#8220;9. ro\u010dn\u00edk&#8220; use_icon=&#8220;on&#8220; _builder_version=&#8220;4.17.4&#8243; _module_preset=&#8220;default&#8220; header_font=&#8220;Jaldi||||||||&#8220; header_text_color=&#8220;#666666&#8243; header_line_height=&#8220;0.7em&#8220; body_font=&#8220;Jaldi||||||||&#8220; body_text_color=&#8220;#666666&#8243; body_line_height=&#8220;1.4em&#8220; hover_enabled=&#8220;0&#8243; inline_fonts=&#8220;Jaldi&#8220; global_colors_info=&#8220;{}&#8220; sticky_enabled=&#8220;0&#8243;]<\/p>\n<h4><strong><span style=\"font-family: Jaldi; font-size: x-large;\">Boccia Tatra Cup 2025<\/span><\/strong><\/h4>\n<p>[\/et_pb_blurb][\/et_pb_column][et_pb_column type=&#8220;1_4&#8243; _builder_version=&#8220;4.17.4&#8243; _module_preset=&#8220;default&#8220; global_colors_info=&#8220;{}&#8220;][et_pb_blurb title=&#8220;8. ro\u010dn\u00edk&#8220; use_icon=&#8220;on&#8220; _builder_version=&#8220;4.17.4&#8243; _module_preset=&#8220;default&#8220; header_font=&#8220;Jaldi||||||||&#8220; header_text_color=&#8220;#666666&#8243; header_line_height=&#8220;0.7em&#8220; body_font=&#8220;Jaldi||||||||&#8220; body_text_color=&#8220;#666666&#8243; body_line_height=&#8220;1.4em&#8220; inline_fonts=&#8220;Jaldi&#8220; global_colors_info=&#8220;{}&#8220;]<\/p>\n<h4><strong><span style=\"font-family: Jaldi; font-size: x-large;\">Boccia Tatra Cup 2024<\/span><\/strong><\/h4>\n<p>[\/et_pb_blurb][\/et_pb_column][et_pb_column type=&#8220;1_4&#8243; _builder_version=&#8220;4.17.4&#8243; _module_preset=&#8220;default&#8220; global_colors_info=&#8220;{}&#8220;][et_pb_blurb title=&#8220;7. ro\u010dn\u00edk&#8220; use_icon=&#8220;on&#8220; _builder_version=&#8220;4.17.4&#8243; _module_preset=&#8220;default&#8220; header_font=&#8220;Jaldi||||||||&#8220; header_line_height=&#8220;0.7em&#8220; body_line_height=&#8220;1.4em&#8220; global_colors_info=&#8220;{}&#8220;]<\/p>\n<h4><strong><span style=\"font-family: Jaldi; font-size: x-large;\">Boccia Tatra Cup 2023<\/span><\/strong><\/h4>\n<p>[\/et_pb_blurb][\/et_pb_column][et_pb_column type=&#8220;1_4&#8243; _builder_version=&#8220;4.17.4&#8243; _module_preset=&#8220;default&#8220; global_colors_info=&#8220;{}&#8220;][\/et_pb_column][\/et_pb_row][et_pb_row column_structure=&#8220;1_4,1_4,1_4,1_4&#8243; _builder_version=&#8220;4.17.4&#8243; _module_preset=&#8220;default&#8220; width=&#8220;70%&#8220; custom_padding=&#8220;3px|||||&#8220; hover_enabled=&#8220;0&#8243; global_colors_info=&#8220;{}&#8220; sticky_enabled=&#8220;0&#8243;][et_pb_column type=&#8220;1_4&#8243; _builder_version=&#8220;4.17.4&#8243; _module_preset=&#8220;default&#8220; global_colors_info=&#8220;{}&#8220;][et_pb_blurb url=&#8220;@ET-DC@eyJkeW5hbWljIjp0cnVlLCJjb250ZW50IjoicG9zdF9saW5rX3VybF9wYWdlIiwic2V0dGluZ3MiOnsicG9zdF9pZCI6IjQxMTgifX0=@&#8220; url_new_window=&#8220;on&#8220; image=&#8220;https:\/\/www.bocciatatracup.sk\/wp-content\/uploads\/2026\/01\/HISTORIA_BTC_2025.jpg&#8220; _builder_version=&#8220;4.17.4&#8243; _dynamic_attributes=&#8220;url,link_option_url&#8220; _module_preset=&#8220;default&#8220; header_font=&#8220;Jaldi||||||||&#8220; header_text_color=&#8220;#666666&#8243; header_line_height=&#8220;0.7em&#8220; body_font=&#8220;Jaldi||||||||&#8220; body_text_color=&#8220;#666666&#8243; body_line_height=&#8220;1.4em&#8220; image_icon_custom_margin=&#8220;||-15px||false|false&#8220; custom_margin=&#8220;||15px|||&#8220; link_option_url=&#8220;@ET-DC@eyJkeW5hbWljIjp0cnVlLCJjb250ZW50IjoicG9zdF9saW5rX3VybF9wYWdlIiwic2V0dGluZ3MiOnsicG9zdF9pZCI6IjQwNDUifX0=@&#8220; hover_enabled=&#8220;0&#8243; inline_fonts=&#8220;Jaldi&#8220; global_colors_info=&#8220;{}&#8220; title_text=&#8220;HISTORIA_BTC_2025&#8243; sticky_enabled=&#8220;0&#8243;]<\/p>\n<h3><span style=\"font-size: medium; font-family: Jaldi;\">18. \u2013 24. j\u00fan 2025 \/ Liptovsk\u00fd J\u00e1n<\/span><\/h3>\n<p><span style=\"font-size: medium; font-family: Jaldi;\">5 s\u00fa\u0165a\u017en\u00fdch dn\u00ed<br \/>8 z\u00fa\u010dastnen\u00fdch kraj\u00edn<\/span><\/p>\n<p><span style=\"font-size: medium; font-family: Jaldi;\"><strong>S\u00fa\u0165a\u017en\u00e9 kateg\u00f3rie:<\/strong><br \/>BC1, BC2, BC3, BC4\/5<br \/>T\u00edmy BC1\/2, P\u00e1ry BC3, BC4\/5<br \/>3-\u010dlenn\u00e9 Integra\u010dn\u00e9 t\u00edmy<\/span><\/p>\n<p>[\/et_pb_blurb][et_pb_button button_url=&#8220;@ET-DC@eyJkeW5hbWljIjp0cnVlLCJjb250ZW50IjoicG9zdF9saW5rX3VybF9wYWdlIiwic2V0dGluZ3MiOnsicG9zdF9pZCI6IjQxMTgifX0=@&#8220; url_new_window=&#8220;on&#8220; button_text=&#8220;Viac o 9. ro\u010dn\u00edku&#8220; _builder_version=&#8220;4.17.4&#8243; _dynamic_attributes=&#8220;button_url&#8220; _module_preset=&#8220;default&#8220; custom_button=&#8220;on&#8220; button_text_size=&#8220;18px&#8220; button_text_color=&#8220;#FFFFFF&#8220; button_bg_color=&#8220;#005baa&#8220; button_border_width=&#8220;0px&#8220; button_border_radius=&#8220;0px&#8220; button_font=&#8220;Jaldi||||||||&#8220; button_icon=&#8220;&#x24;||divi||400&#8243; button_icon_color=&#8220;#FFFFFF&#8220; button_on_hover=&#8220;off&#8220; custom_padding=&#8220;|||19px|false|false&#8220; hover_enabled=&#8220;0&#8243; global_colors_info=&#8220;{}&#8220; sticky_enabled=&#8220;0&#8243;][\/et_pb_button][\/et_pb_column][et_pb_column _builder_version=&#8220;4.17.4&#8243; _module_preset=&#8220;default&#8220; type=&#8220;1_4&#8243;][et_pb_blurb url=&#8220;@ET-DC@eyJkeW5hbWljIjp0cnVlLCJjb250ZW50IjoicG9zdF9saW5rX3VybF9wYWdlIiwic2V0dGluZ3MiOnsicG9zdF9pZCI6IjQwNDUifX0=@&#8220; url_new_window=&#8220;on&#8220; image=&#8220;https:\/\/www.bocciatatracup.sk\/wp-content\/uploads\/2025\/02\/HISTORIA_BTC_2024.jpg&#8220; _builder_version=&#8220;4.17.4&#8243; _dynamic_attributes=&#8220;url,link_option_url&#8220; _module_preset=&#8220;default&#8220; header_font=&#8220;Jaldi||||||||&#8220; header_text_color=&#8220;#666666&#8243; header_line_height=&#8220;0.7em&#8220; body_font=&#8220;Jaldi||||||||&#8220; body_text_color=&#8220;#666666&#8243; body_line_height=&#8220;1.4em&#8220; image_icon_custom_margin=&#8220;||-15px||false|false&#8220; custom_margin=&#8220;||15px|||&#8220; link_option_url=&#8220;@ET-DC@eyJkeW5hbWljIjp0cnVlLCJjb250ZW50IjoicG9zdF9saW5rX3VybF9wYWdlIiwic2V0dGluZ3MiOnsicG9zdF9pZCI6IjQwNDUifX0=@&#8220; inline_fonts=&#8220;Jaldi&#8220; global_colors_info=&#8220;{}&#8220;]<\/p>\n<h3><span style=\"font-size: medium; font-family: Jaldi;\">12. \u2013 18. j\u00fan 2024 \/ Liptovsk\u00fd J\u00e1n<\/span><\/h3>\n<p><span style=\"font-size: medium; font-family: Jaldi;\">5 s\u00fa\u0165a\u017en\u00fdch dn\u00ed<br \/>5 z\u00fa\u010dastnen\u00fdch kraj\u00edn<\/span><\/p>\n<p><span style=\"font-size: medium; font-family: Jaldi;\"><strong>S\u00fa\u0165a\u017en\u00e9 kateg\u00f3rie:<\/strong><br \/>BC1, BC2, BC3, BC4\/5<br \/>T\u00edmy BC1\/2, P\u00e1ry BC3, BC4\/5<br \/>3-\u010dlenn\u00e9 Integra\u010dn\u00e9 t\u00edmy<\/span><\/p>\n<p>[\/et_pb_blurb][et_pb_button button_url=&#8220;@ET-DC@eyJkeW5hbWljIjp0cnVlLCJjb250ZW50IjoicG9zdF9saW5rX3VybF9wYWdlIiwic2V0dGluZ3MiOnsicG9zdF9pZCI6IjQwNDUifX0=@&#8220; url_new_window=&#8220;on&#8220; button_text=&#8220;Viac o 8. ro\u010dn\u00edku&#8220; _builder_version=&#8220;4.17.4&#8243; _dynamic_attributes=&#8220;button_url&#8220; _module_preset=&#8220;default&#8220; custom_button=&#8220;on&#8220; button_text_size=&#8220;18px&#8220; button_text_color=&#8220;#FFFFFF&#8220; button_bg_color=&#8220;#005baa&#8220; button_border_width=&#8220;0px&#8220; button_border_radius=&#8220;0px&#8220; button_font=&#8220;Jaldi||||||||&#8220; button_icon=&#8220;&#x24;||divi||400&#8243; button_icon_color=&#8220;#FFFFFF&#8220; button_on_hover=&#8220;off&#8220; custom_padding=&#8220;|||19px|false|false&#8220; global_colors_info=&#8220;{}&#8220;][\/et_pb_button][\/et_pb_column][et_pb_column _builder_version=&#8220;4.17.4&#8243; _module_preset=&#8220;default&#8220; type=&#8220;1_4&#8243;][et_pb_blurb url=&#8220;@ET-DC@eyJkeW5hbWljIjp0cnVlLCJjb250ZW50IjoicG9zdF9saW5rX3VybF9wYWdlIiwic2V0dGluZ3MiOnsicG9zdF9pZCI6IjQwNjMifX0=@&#8220; url_new_window=&#8220;on&#8220; image=&#8220;https:\/\/www.bocciatatracup.sk\/wp-content\/uploads\/2025\/02\/HISTORIA_BTC_2023.jpg&#8220; _builder_version=&#8220;4.17.4&#8243; _dynamic_attributes=&#8220;url,link_option_url&#8220; _module_preset=&#8220;default&#8220; header_font=&#8220;Jaldi||||||||&#8220; header_line_height=&#8220;0.7em&#8220; body_line_height=&#8220;1.4em&#8220; image_icon_custom_margin=&#8220;||-15px||false|false&#8220; custom_margin=&#8220;||19px|||&#8220; link_option_url=&#8220;@ET-DC@eyJkeW5hbWljIjp0cnVlLCJjb250ZW50IjoicG9zdF9saW5rX3VybF9wYWdlIiwic2V0dGluZ3MiOnsicG9zdF9pZCI6IjQwNjMifX0=@&#8220; link_option_url_new_window=&#8220;on&#8220; global_colors_info=&#8220;{}&#8220;]<\/p>\n<h3><span style=\"font-size: medium; font-family: Jaldi;\">15. \u2013 20. j\u00fan 2023 \/ Liptovsk\u00fd J\u00e1n<\/span><\/h3>\n<p><span style=\"font-size: medium; font-family: Jaldi;\">4 s\u00fa\u0165a\u017en\u00e9 dni<br \/>8 z\u00fa\u010dastnen\u00fdch kraj\u00edn<\/span><\/p>\n<p><span style=\"font-size: medium; font-family: Jaldi;\"><strong>S\u00fa\u0165a\u017en\u00e9 kateg\u00f3rie:<\/strong><br \/>BC1, BC2, BC3, BC4<br \/>T\u00edmy BC1\/2, P\u00e1ry BC3, BC4<br \/><\/span><\/p>\n<p><span style=\"font-size: medium; font-family: Jaldi;\"><\/span><\/p>\n<p>[\/et_pb_blurb][et_pb_button button_url=&#8220;@ET-DC@eyJkeW5hbWljIjp0cnVlLCJjb250ZW50IjoicG9zdF9saW5rX3VybF9wYWdlIiwic2V0dGluZ3MiOnsicG9zdF9pZCI6IjQwNjMifX0=@&#8220; url_new_window=&#8220;on&#8220; button_text=&#8220;Viac o 7. ro\u010dn\u00edku&#8220; _builder_version=&#8220;4.17.4&#8243; _dynamic_attributes=&#8220;button_url&#8220; _module_preset=&#8220;default&#8220; custom_button=&#8220;on&#8220; button_text_size=&#8220;18px&#8220; button_text_color=&#8220;#FFFFFF&#8220; button_bg_color=&#8220;#005baa&#8220; button_border_width=&#8220;0px&#8220; button_border_radius=&#8220;0px&#8220; button_font=&#8220;Jaldi||||||||&#8220; button_icon=&#8220;&#x24;||divi||400&#8243; button_icon_color=&#8220;#FFFFFF&#8220; button_on_hover=&#8220;off&#8220; custom_padding=&#8220;|||19px|false|false&#8220; locked=&#8220;off&#8220; global_colors_info=&#8220;{}&#8220;][\/et_pb_button][\/et_pb_column][et_pb_column type=&#8220;1_4&#8243; _builder_version=&#8220;4.17.4&#8243; _module_preset=&#8220;default&#8220; global_colors_info=&#8220;{}&#8220;][\/et_pb_column][\/et_pb_row][et_pb_row _builder_version=&#8220;4.17.4&#8243; _module_preset=&#8220;default&#8220; custom_margin=&#8220;-16px|auto||auto||&#8220; custom_padding=&#8220;||12px|||&#8220; animation_style=&#8220;fade&#8220; global_colors_info=&#8220;{}&#8220;][et_pb_column type=&#8220;4_4&#8243; _builder_version=&#8220;4.16&#8243; _module_preset=&#8220;default&#8220; custom_padding=&#8220;|||&#8220; global_colors_info=&#8220;{}&#8220; custom_padding__hover=&#8220;|||&#8220;][et_pb_text admin_label=&#8220;Subtitle&#8220; _builder_version=&#8220;4.17.4&#8243; _module_preset=&#8220;default&#8220; text_font=&#8220;Jaldi|500||on|||||&#8220; text_text_color=&#8220;rgba(0,0,0,0.25)&#8220; text_font_size=&#8220;19px&#8220; header_font=&#8220;Jaldi||||||||&#8220; text_orientation=&#8220;center&#8220; custom_margin=&#8220;||15px|||&#8220; animation_style=&#8220;fade&#8220; global_colors_info=&#8220;{}&#8220;]<\/p>\n<p><span style=\"color: rgba(0, 0, 0, 0.3);\">Projektov\u00ed partneri V4<\/span><\/p>\n<p>[\/et_pb_text][\/et_pb_column][\/et_pb_row][\/et_pb_section]<\/p>\n","protected":false},"excerpt":{"rendered":"<p>Hist\u00f3ria turnajaFakty, v\u00fdsledky, gal\u00e9ria&#8230; Ke\u010f sme v roku 2015 s turnajom Boccia Tatra Cup za\u010d\u00ednali, na\u0161\u00edm z\u00e1merom bolo zalo\u017ei\u0165 na Slovensku trad\u00edciu kvalitn\u00e9ho medzin\u00e1rodn\u00e9ho turnaja v boccii s pridanou hodnotou. To sa n\u00e1m, aj v\u010faka V\u00e1m a \u00fa\u017easnej atmosf\u00e9re, ktor\u00fa na turnaji dok\u00e1\u017eete vytvori\u0165, podarilo. \u010eakujeme\u2026 ZOM PRE\u0160OV \/ V\u00c1\u0160 REALIZA\u010cN\u00dd T\u00cdM Boccia Tatra Cup [&hellip;]<\/p>\n","protected":false},"author":1,"featured_media":0,"parent":0,"menu_order":0,"comment_status":"closed","ping_status":"closed","template":"","meta":{"_et_pb_use_builder":"on","_et_pb_old_content":"","_et_gb_content_width":"","_mi_skip_tracking":false},"yoast_head":"<!-- This site is optimized with the Yoast SEO plugin v20.2.1 - https:\/\/yoast.com\/wordpress\/plugins\/seo\/ -->\n<title>Hist\u00f3ria - Boccia Tatra Cup<\/title>\n<meta name=\"robots\" content=\"index, follow, max-snippet:-1, max-image-preview:large, max-video-preview:-1\" \/>\n<link rel=\"canonical\" href=\"https:\/\/www.bocciatatracup.sk\/?page_id=3035\" \/>\n<meta property=\"og:locale\" content=\"sk_SK\" \/>\n<meta property=\"og:type\" content=\"article\" \/>\n<meta property=\"og:title\" content=\"Hist\u00f3ria - Boccia Tatra Cup\" \/>\n<meta property=\"og:description\" content=\"Hist\u00f3ria turnajaFakty, v\u00fdsledky, gal\u00e9ria... Ke\u010f sme v roku 2015 s turnajom Boccia Tatra Cup za\u010d\u00ednali, na\u0161\u00edm z\u00e1merom bolo zalo\u017ei\u0165 na Slovensku trad\u00edciu kvalitn\u00e9ho medzin\u00e1rodn\u00e9ho turnaja v boccii s pridanou hodnotou. To sa n\u00e1m, aj v\u010faka V\u00e1m a \u00fa\u017easnej atmosf\u00e9re, ktor\u00fa na turnaji dok\u00e1\u017eete vytvori\u0165, podarilo. \u010eakujeme\u2026 ZOM PRE\u0160OV \/ V\u00c1\u0160 REALIZA\u010cN\u00dd T\u00cdM Boccia Tatra Cup [&hellip;]\" \/>\n<meta property=\"og:url\" content=\"https:\/\/www.bocciatatracup.sk\/?page_id=3035\" \/>\n<meta property=\"og:site_name\" content=\"Boccia Tatra Cup\" \/>\n<meta property=\"article:modified_time\" content=\"2026-01-07T12:15:47+00:00\" \/>\n<meta name=\"twitter:card\" content=\"summary_large_image\" \/>\n<script type=\"application\/ld+json\" class=\"yoast-schema-graph\">{\"@context\":\"https:\/\/schema.org\",\"@graph\":[{\"@type\":\"WebPage\",\"@id\":\"https:\/\/www.bocciatatracup.sk\/?page_id=3035\",\"url\":\"https:\/\/www.bocciatatracup.sk\/?page_id=3035\",\"name\":\"Hist\u00f3ria - Boccia Tatra Cup\",\"isPartOf\":{\"@id\":\"https:\/\/www.bocciatatracup.sk\/#website\"},\"datePublished\":\"2025-02-06T19:08:47+00:00\",\"dateModified\":\"2026-01-07T12:15:47+00:00\",\"breadcrumb\":{\"@id\":\"https:\/\/www.bocciatatracup.sk\/?page_id=3035#breadcrumb\"},\"inLanguage\":\"sk-SK\",\"potentialAction\":[{\"@type\":\"ReadAction\",\"target\":[\"https:\/\/www.bocciatatracup.sk\/?page_id=3035\"]}]},{\"@type\":\"BreadcrumbList\",\"@id\":\"https:\/\/www.bocciatatracup.sk\/?page_id=3035#breadcrumb\",\"itemListElement\":[{\"@type\":\"ListItem\",\"position\":1,\"name\":\"Home\",\"item\":\"https:\/\/www.bocciatatracup.sk\/\"},{\"@type\":\"ListItem\",\"position\":2,\"name\":\"Hist\u00f3ria\"}]},{\"@type\":\"WebSite\",\"@id\":\"https:\/\/www.bocciatatracup.sk\/#website\",\"url\":\"https:\/\/www.bocciatatracup.sk\/\",\"name\":\"Boccia Tatra Cup\",\"description\":\"\",\"potentialAction\":[{\"@type\":\"SearchAction\",\"target\":{\"@type\":\"EntryPoint\",\"urlTemplate\":\"https:\/\/www.bocciatatracup.sk\/?s={search_term_string}\"},\"query-input\":\"required name=search_term_string\"}],\"inLanguage\":\"sk-SK\"}]}<\/script>\n<!-- \/ Yoast SEO plugin. -->","yoast_head_json":{"title":"Hist\u00f3ria - Boccia Tatra Cup","robots":{"index":"index","follow":"follow","max-snippet":"max-snippet:-1","max-image-preview":"max-image-preview:large","max-video-preview":"max-video-preview:-1"},"canonical":"https:\/\/www.bocciatatracup.sk\/?page_id=3035","og_locale":"sk_SK","og_type":"article","og_title":"Hist\u00f3ria - Boccia Tatra Cup","og_description":"Hist\u00f3ria turnajaFakty, v\u00fdsledky, gal\u00e9ria... Ke\u010f sme v roku 2015 s turnajom Boccia Tatra Cup za\u010d\u00ednali, na\u0161\u00edm z\u00e1merom bolo zalo\u017ei\u0165 na Slovensku trad\u00edciu kvalitn\u00e9ho medzin\u00e1rodn\u00e9ho turnaja v boccii s pridanou hodnotou. To sa n\u00e1m, aj v\u010faka V\u00e1m a \u00fa\u017easnej atmosf\u00e9re, ktor\u00fa na turnaji dok\u00e1\u017eete vytvori\u0165, podarilo. \u010eakujeme\u2026 ZOM PRE\u0160OV \/ V\u00c1\u0160 REALIZA\u010cN\u00dd T\u00cdM Boccia Tatra Cup [&hellip;]","og_url":"https:\/\/www.bocciatatracup.sk\/?page_id=3035","og_site_name":"Boccia Tatra Cup","article_modified_time":"2026-01-07T12:15:47+00:00","twitter_card":"summary_large_image","schema":{"@context":"https:\/\/schema.org","@graph":[{"@type":"WebPage","@id":"https:\/\/www.bocciatatracup.sk\/?page_id=3035","url":"https:\/\/www.bocciatatracup.sk\/?page_id=3035","name":"Hist\u00f3ria - Boccia Tatra Cup","isPartOf":{"@id":"https:\/\/www.bocciatatracup.sk\/#website"},"datePublished":"2025-02-06T19:08:47+00:00","dateModified":"2026-01-07T12:15:47+00:00","breadcrumb":{"@id":"https:\/\/www.bocciatatracup.sk\/?page_id=3035#breadcrumb"},"inLanguage":"sk-SK","potentialAction":[{"@type":"ReadAction","target":["https:\/\/www.bocciatatracup.sk\/?page_id=3035"]}]},{"@type":"BreadcrumbList","@id":"https:\/\/www.bocciatatracup.sk\/?page_id=3035#breadcrumb","itemListElement":[{"@type":"ListItem","position":1,"name":"Home","item":"https:\/\/www.bocciatatracup.sk\/"},{"@type":"ListItem","position":2,"name":"Hist\u00f3ria"}]},{"@type":"WebSite","@id":"https:\/\/www.bocciatatracup.sk\/#website","url":"https:\/\/www.bocciatatracup.sk\/","name":"Boccia Tatra Cup","description":"","potentialAction":[{"@type":"SearchAction","target":{"@type":"EntryPoint","urlTemplate":"https:\/\/www.bocciatatracup.sk\/?s={search_term_string}"},"query-input":"required name=search_term_string"}],"inLanguage":"sk-SK"}]}},"_links":{"self":[{"href":"https:\/\/www.bocciatatracup.sk\/index.php?rest_route=\/wp\/v2\/pages\/3035"}],"collection":[{"href":"https:\/\/www.bocciatatracup.sk\/index.php?rest_route=\/wp\/v2\/pages"}],"about":[{"href":"https:\/\/www.bocciatatracup.sk\/index.php?rest_route=\/wp\/v2\/types\/page"}],"author":[{"embeddable":true,"href":"https:\/\/www.bocciatatracup.sk\/index.php?rest_route=\/wp\/v2\/users\/1"}],"replies":[{"embeddable":true,"href":"https:\/\/www.bocciatatracup.sk\/index.php?rest_route=%2Fwp%2Fv2%2Fcomments&post=3035"}],"version-history":[{"count":5,"href":"https:\/\/www.bocciatatracup.sk\/index.php?rest_route=\/wp\/v2\/pages\/3035\/revisions"}],"predecessor-version":[{"id":5577,"href":"https:\/\/www.bocciatatracup.sk\/index.php?rest_route=\/wp\/v2\/pages\/3035\/revisions\/5577"}],"wp:attachment":[{"href":"https:\/\/www.bocciatatracup.sk\/index.php?rest_route=%2Fwp%2Fv2%2Fmedia&parent=3035"}],"curies":[{"name":"wp","href":"https:\/\/api.w.org\/{rel}","templated":true}]}}